{"id":7158,"date":"2026-03-13T14:11:04","date_gmt":"2026-03-13T12:11:04","guid":{"rendered":"https:\/\/www3.blomqvistplantskola.com\/?post_type=product&#038;p=7158"},"modified":"2026-04-03T16:13:47","modified_gmt":"2026-04-03T14:13:47","slug":"saskatoon-amerikansk-haggmispel-amelanchier-alnifolia-martin","status":"publish","type":"product","link":"https:\/\/www3.blomqvistplantskola.com\/fi\/product\/saskatoon-amerikansk-haggmispel-amelanchier-alnifolia-martin\/","title":{"rendered":"<b>Saskatoon - Marjatuomipihlaja <\/b><br>Amelanchier alnifolia `Martin\u00b4"},"content":{"rendered":"<p>Sp\u00f6planta i 2 liters kruka (ympad).<\/p>","protected":false},"excerpt":{"rendered":"<p>Yksi suosituimmista lajikkeista, eik\u00e4 vain maukkautensa takia. Sato kypsyy melko lyhyell\u00e4 aikav\u00e4lill\u00e4. Marjojen koko on ehdottomasti suurimmasta p\u00e4\u00e4st\u00e4, samoin sato, joka on vuosittain eritt\u00e4in runsas. Marjat ovat sinimustia, hyv\u00e4nmakuisia, happamanimeli\u00e4 ja yht\u00e4lailla hy\u00f6dynnett\u00e4vi\u00e4 kuin mustikatkin. Sopivat erinomaisesti hyytel\u00f6ksi, kastikkeeksi, mehuksi ja hilloksi. Pensaasta voi tulla l\u00e4hes kolmemetrinen ja t\u00e4m\u00e4n takia sit\u00e4 on leikattava mukavan keruukorkeuden s\u00e4ilytt\u00e4miseksi. Muodoltaan pensas on py\u00f6re\u00e4hk\u00f6. Martin ei kasvata erityisemmin juurivesoja. Pensasta on kutsuttu my\u00f6s nimill\u00e4 Mustikkapuu ja Kanadan `viinimarja\u00b4.<\/p>\n<p><strong>Vy\u00f6hyke: <\/strong>FI 1-6. SE 1-7.<br \/>\n<strong>Korkeus: <\/strong>3 &#8211; 4 m<\/p>","protected":false},"featured_media":4972,"template":"","meta":[],"product_brand":[],"product_cat":[248],"product_tag":[],"class_list":{"0":"post-7158","1":"product","2":"type-product","3":"status-publish","4":"has-post-thumbnail","6":"product_cat-barvaxter","7":"product_shipping_class-postpaket","9":"first","10":"outofstock","11":"taxable","12":"shipping-taxable","13":"purchasable","14":"product-type-simple"},"_links":{"self":[{"href":"https:\/\/www3.blomqvistplantskola.com\/fi\/wp-json\/wp\/v2\/product\/7158","targetHints":{"allow":["GET"]}}],"collection":[{"href":"https:\/\/www3.blomqvistplantskola.com\/fi\/wp-json\/wp\/v2\/product"}],"about":[{"href":"https:\/\/www3.blomqvistplantskola.com\/fi\/wp-json\/wp\/v2\/types\/product"}],"wp:featuredmedia":[{"embeddable":true,"href":"https:\/\/www3.blomqvistplantskola.com\/fi\/wp-json\/wp\/v2\/media\/4972"}],"wp:attachment":[{"href":"https:\/\/www3.blomqvistplantskola.com\/fi\/wp-json\/wp\/v2\/media?parent=7158"}],"wp:term":[{"taxonomy":"product_brand","embeddable":true,"href":"https:\/\/www3.blomqvistplantskola.com\/fi\/wp-json\/wp\/v2\/product_brand?post=7158"},{"taxonomy":"product_cat","embeddable":true,"href":"https:\/\/www3.blomqvistplantskola.com\/fi\/wp-json\/wp\/v2\/product_cat?post=7158"},{"taxonomy":"product_tag","embeddable":true,"href":"https:\/\/www3.blomqvistplantskola.com\/fi\/wp-json\/wp\/v2\/product_tag?post=7158"}],"curies":[{"name":"wp","href":"https:\/\/api.w.org\/{rel}","templated":true}]}}