{"id":7159,"date":"2026-03-13T14:11:04","date_gmt":"2026-03-13T12:11:04","guid":{"rendered":"https:\/\/www3.blomqvistplantskola.com\/?post_type=product&#038;p=7159"},"modified":"2026-04-17T18:52:08","modified_gmt":"2026-04-17T16:52:08","slug":"saskatoon-amerikansk-haggmispel-amelanchier-alnifolia-mandam","status":"publish","type":"product","link":"https:\/\/www3.blomqvistplantskola.com\/fi\/product\/saskatoon-amerikansk-haggmispel-amelanchier-alnifolia-mandam\/","title":{"rendered":"<b>Saskatoon - Marjatuomipihlaja <\/b><br>Amelanchier alnifolia `Mandam\u00b4"},"content":{"rendered":"<p>Piiskataimi 2 litran ruukussa, 30-50cm.<\/p>","protected":false},"excerpt":{"rendered":"<p>Yksi suosituimmista marjalajikkeista.Runsas valkoinen kukinta alkukes\u00e4st\u00e4. Tuottaa runsaasti sinimustia, melko pieni\u00e4, happamanimeli\u00e4 marjoja, jotka ovat yht\u00e4 k\u00e4ytt\u00f6kelpoisia kuin mustikat. Marjat kypsyv\u00e4t lyhyen ajan sis\u00e4ll\u00e4, ja ne sopivat erinomaisesti hyytel\u00f6ksi, kastikkeiksi, mehuksi ja hilloksi. Voidaan leikata lyhyemm\u00e4ki sadonkorjuun helpottamiseksi. Pensasta on kutsuttu my\u00f6s nimill\u00e4 Mustikkapuu ja Kanadan `viinimarja\u00b4. Kaunis syysv\u00e4ri. Omajuurinen.<\/p>\n<p><strong>Vy\u00f6hyke: <\/strong>FI 1-6. SE 1-7.<br \/>\n<strong>Korkeus: <\/strong>2,5 &#8211; 3 m<\/p>","protected":false},"featured_media":4860,"template":"","meta":[],"product_brand":[],"product_cat":[248],"product_tag":[],"class_list":{"0":"post-7159","1":"product","2":"type-product","3":"status-publish","4":"has-post-thumbnail","6":"product_cat-barvaxter","7":"product_shipping_class-postpaket","9":"first","10":"instock","11":"taxable","12":"shipping-taxable","13":"purchasable","14":"product-type-simple"},"_links":{"self":[{"href":"https:\/\/www3.blomqvistplantskola.com\/fi\/wp-json\/wp\/v2\/product\/7159","targetHints":{"allow":["GET"]}}],"collection":[{"href":"https:\/\/www3.blomqvistplantskola.com\/fi\/wp-json\/wp\/v2\/product"}],"about":[{"href":"https:\/\/www3.blomqvistplantskola.com\/fi\/wp-json\/wp\/v2\/types\/product"}],"wp:featuredmedia":[{"embeddable":true,"href":"https:\/\/www3.blomqvistplantskola.com\/fi\/wp-json\/wp\/v2\/media\/4860"}],"wp:attachment":[{"href":"https:\/\/www3.blomqvistplantskola.com\/fi\/wp-json\/wp\/v2\/media?parent=7159"}],"wp:term":[{"taxonomy":"product_brand","embeddable":true,"href":"https:\/\/www3.blomqvistplantskola.com\/fi\/wp-json\/wp\/v2\/product_brand?post=7159"},{"taxonomy":"product_cat","embeddable":true,"href":"https:\/\/www3.blomqvistplantskola.com\/fi\/wp-json\/wp\/v2\/product_cat?post=7159"},{"taxonomy":"product_tag","embeddable":true,"href":"https:\/\/www3.blomqvistplantskola.com\/fi\/wp-json\/wp\/v2\/product_tag?post=7159"}],"curies":[{"name":"wp","href":"https:\/\/api.w.org\/{rel}","templated":true}]}}