{"id":7160,"date":"2026-03-13T14:11:03","date_gmt":"2026-03-13T12:11:03","guid":{"rendered":"https:\/\/www3.blomqvistplantskola.com\/?post_type=product&#038;p=7160"},"modified":"2026-03-13T14:11:04","modified_gmt":"2026-03-13T12:11:04","slug":"saskatoon-amerikansk-haggmispel-amelanchier-alnifolia-thiessen","status":"publish","type":"product","link":"https:\/\/www3.blomqvistplantskola.com\/fi\/product\/saskatoon-amerikansk-haggmispel-amelanchier-alnifolia-thiessen\/","title":{"rendered":"<b>Saskatoon - Marjatuomipihlaja <\/b><br>Amelanchier alnifolia `Thiessen\u00b4"},"content":{"rendered":"<p>Sp\u00f6 i 2 liters kruka.<\/p>","protected":false},"excerpt":{"rendered":"<p>Yksi suosituimmista marjalajikkeista.Runsas valkoinen kukinta alkukes\u00e4st\u00e4. Tuottaa runsaasti sinimustia, melko pieni\u00e4, happamanimeli\u00e4 marjoja, jotka ovat yht\u00e4lailla hy\u00f6dynnett\u00e4vi\u00e4 kuin mustikatkin. Marjat kypsyv\u00e4t lyhyen ajan sis\u00e4ll\u00e4, ja ne sopivat erinomaisesti hyytel\u00f6ksi, kastikkeeksi, mehuksi ja hilloksi. Pensasta on kutsuttu my\u00f6s nimill\u00e4 Mustikkapuu ja Kanadan `viinimarja\u00b4. Kaunis syysv\u00e4ri. Omajuurinen.<\/p>\n<p><strong>Vy\u00f6hyke: <\/strong>FI 1-6. SE 1-7.<br \/>\n<strong>Korkeus: <\/strong>2,5 &#8211; 3 m<\/p>","protected":false},"featured_media":6141,"template":"","meta":[],"product_brand":[],"product_cat":[248],"product_tag":[],"class_list":{"0":"post-7160","1":"product","2":"type-product","3":"status-publish","4":"has-post-thumbnail","6":"product_cat-barvaxter","7":"product_shipping_class-postpaket","9":"first","10":"instock","11":"taxable","12":"shipping-taxable","13":"purchasable","14":"product-type-simple"},"_links":{"self":[{"href":"https:\/\/www3.blomqvistplantskola.com\/fi\/wp-json\/wp\/v2\/product\/7160","targetHints":{"allow":["GET"]}}],"collection":[{"href":"https:\/\/www3.blomqvistplantskola.com\/fi\/wp-json\/wp\/v2\/product"}],"about":[{"href":"https:\/\/www3.blomqvistplantskola.com\/fi\/wp-json\/wp\/v2\/types\/product"}],"wp:featuredmedia":[{"embeddable":true,"href":"https:\/\/www3.blomqvistplantskola.com\/fi\/wp-json\/wp\/v2\/media\/6141"}],"wp:attachment":[{"href":"https:\/\/www3.blomqvistplantskola.com\/fi\/wp-json\/wp\/v2\/media?parent=7160"}],"wp:term":[{"taxonomy":"product_brand","embeddable":true,"href":"https:\/\/www3.blomqvistplantskola.com\/fi\/wp-json\/wp\/v2\/product_brand?post=7160"},{"taxonomy":"product_cat","embeddable":true,"href":"https:\/\/www3.blomqvistplantskola.com\/fi\/wp-json\/wp\/v2\/product_cat?post=7160"},{"taxonomy":"product_tag","embeddable":true,"href":"https:\/\/www3.blomqvistplantskola.com\/fi\/wp-json\/wp\/v2\/product_tag?post=7160"}],"curies":[{"name":"wp","href":"https:\/\/api.w.org\/{rel}","templated":true}]}}