{"id":7164,"date":"2026-03-13T14:11:02","date_gmt":"2026-03-13T12:11:02","guid":{"rendered":"https:\/\/www3.blomqvistplantskola.com\/?post_type=product&#038;p=7164"},"modified":"2026-04-11T18:05:46","modified_gmt":"2026-04-11T16:05:46","slug":"krusbar-ribes-uva-crispa-captivator","status":"publish","type":"product","link":"https:\/\/www3.blomqvistplantskola.com\/fi\/product\/krusbar-ribes-uva-crispa-captivator\/","title":{"rendered":"<b>Vuoristokarviainen <\/b><br>Ribes uva-crispa `Hughton\u00b4"},"content":{"rendered":"<p>Taimi 2 litran ruukussa, 2+ oksaa.<\/p>","protected":false},"excerpt":{"rendered":"<p>Vanha vuoristokarviaislajike Amerikasta, joka oli aiemmin puutarhoissa yleinen, ja jota voitaisiin nyky\u00e4\u00e4n taas istuttaa enemm\u00e4nkin. Pensas on pystykasvuinen, korkea ja joka vuosi eritt\u00e4in satoisa. Tummanpunaiset marjat ovat pieni\u00e4, mutta eritt\u00e4in makeita ja hyvi\u00e4. Marjat kypsyv\u00e4t pari viikkoa my\u00f6hemmin kuin suomalaiset lajikkeet. Oikea herkkumarja! Lajike on eritt\u00e4in terve ja talvenkest\u00e4v\u00e4.<\/p>\n<p><strong>Vy\u00f6hyke: <\/strong>FI 1-5(6). SE 1-6(7).<br \/>\n<strong>Korkeus: <\/strong>1,5 m<\/p>","protected":false},"featured_media":7237,"template":"","meta":[],"product_brand":[],"product_cat":[248],"product_tag":[],"class_list":{"0":"post-7164","1":"product","2":"type-product","3":"status-publish","4":"has-post-thumbnail","6":"product_cat-barvaxter","7":"product_shipping_class-postpaket","9":"first","10":"instock","11":"taxable","12":"shipping-taxable","13":"purchasable","14":"product-type-simple"},"_links":{"self":[{"href":"https:\/\/www3.blomqvistplantskola.com\/fi\/wp-json\/wp\/v2\/product\/7164","targetHints":{"allow":["GET"]}}],"collection":[{"href":"https:\/\/www3.blomqvistplantskola.com\/fi\/wp-json\/wp\/v2\/product"}],"about":[{"href":"https:\/\/www3.blomqvistplantskola.com\/fi\/wp-json\/wp\/v2\/types\/product"}],"wp:featuredmedia":[{"embeddable":true,"href":"https:\/\/www3.blomqvistplantskola.com\/fi\/wp-json\/wp\/v2\/media\/7237"}],"wp:attachment":[{"href":"https:\/\/www3.blomqvistplantskola.com\/fi\/wp-json\/wp\/v2\/media?parent=7164"}],"wp:term":[{"taxonomy":"product_brand","embeddable":true,"href":"https:\/\/www3.blomqvistplantskola.com\/fi\/wp-json\/wp\/v2\/product_brand?post=7164"},{"taxonomy":"product_cat","embeddable":true,"href":"https:\/\/www3.blomqvistplantskola.com\/fi\/wp-json\/wp\/v2\/product_cat?post=7164"},{"taxonomy":"product_tag","embeddable":true,"href":"https:\/\/www3.blomqvistplantskola.com\/fi\/wp-json\/wp\/v2\/product_tag?post=7164"}],"curies":[{"name":"wp","href":"https:\/\/api.w.org\/{rel}","templated":true}]}}