{"id":7191,"date":"2026-03-13T14:09:17","date_gmt":"2026-03-13T12:09:17","guid":{"rendered":"https:\/\/www3.blomqvistplantskola.com\/?post_type=product&#038;p=7191"},"modified":"2026-04-14T21:20:11","modified_gmt":"2026-04-14T19:20:11","slug":"krusbar-ribes-uva-crispa-hinnonmaki-gul","status":"publish","type":"product","link":"https:\/\/www3.blomqvistplantskola.com\/fi\/product\/krusbar-ribes-uva-crispa-hinnonmaki-gul\/","title":{"rendered":"<b>Karviainen <\/b><br>Ribes uva-crispa `Hinnonm\u00e4ki keltainen\u00b4"},"content":{"rendered":"<p>Taimi 2 litran ruukussa.<\/p>","protected":false},"excerpt":{"rendered":"<p>Suomalainen runsassatoinen lajike 1900-luvun alusta, jonka kasvutapa on ulosp\u00e4in levi\u00e4v\u00e4, oksat tihe\u00e4t ja rennot. Marjat ovat suuria, ohutkuorisia, vaalean vihre\u00e4nkeltaisia, makeita ja ne kypsyv\u00e4t noin viikkoa aikaisemmin kuin Lepaan punainen. Karviaista kutsutaan jopa 'Pohjolan viiniryp\u00e4leeksi'. Yksi asiakkaidemme suosikeista.<\/p>\n<p><strong>Vy\u00f6hyke: <\/strong>FI 1-5. SE 1-6.<br \/>\n<strong>Korkeus: <\/strong>1-1,5 m<\/p>","protected":false},"featured_media":7192,"template":"","meta":[],"product_brand":[],"product_cat":[248],"product_tag":[],"class_list":{"0":"post-7191","1":"product","2":"type-product","3":"status-publish","4":"has-post-thumbnail","6":"product_cat-barvaxter","7":"product_shipping_class-postpaket","9":"first","10":"instock","11":"taxable","12":"shipping-taxable","13":"purchasable","14":"product-type-simple"},"_links":{"self":[{"href":"https:\/\/www3.blomqvistplantskola.com\/fi\/wp-json\/wp\/v2\/product\/7191","targetHints":{"allow":["GET"]}}],"collection":[{"href":"https:\/\/www3.blomqvistplantskola.com\/fi\/wp-json\/wp\/v2\/product"}],"about":[{"href":"https:\/\/www3.blomqvistplantskola.com\/fi\/wp-json\/wp\/v2\/types\/product"}],"wp:featuredmedia":[{"embeddable":true,"href":"https:\/\/www3.blomqvistplantskola.com\/fi\/wp-json\/wp\/v2\/media\/7192"}],"wp:attachment":[{"href":"https:\/\/www3.blomqvistplantskola.com\/fi\/wp-json\/wp\/v2\/media?parent=7191"}],"wp:term":[{"taxonomy":"product_brand","embeddable":true,"href":"https:\/\/www3.blomqvistplantskola.com\/fi\/wp-json\/wp\/v2\/product_brand?post=7191"},{"taxonomy":"product_cat","embeddable":true,"href":"https:\/\/www3.blomqvistplantskola.com\/fi\/wp-json\/wp\/v2\/product_cat?post=7191"},{"taxonomy":"product_tag","embeddable":true,"href":"https:\/\/www3.blomqvistplantskola.com\/fi\/wp-json\/wp\/v2\/product_tag?post=7191"}],"curies":[{"name":"wp","href":"https:\/\/api.w.org\/{rel}","templated":true}]}}