{"id":7195,"date":"2026-03-13T14:11:00","date_gmt":"2026-03-13T12:11:00","guid":{"rendered":"https:\/\/www3.blomqvistplantskola.com\/?post_type=product&#038;p=7195"},"modified":"2026-04-18T11:38:26","modified_gmt":"2026-04-18T09:38:26","slug":"bjornbar-taggfri-rubus-black-satin","status":"publish","type":"product","link":"https:\/\/www3.blomqvistplantskola.com\/fi\/product\/bjornbar-taggfri-rubus-black-satin\/","title":{"rendered":"<b>Karhunvadelma, piikit\u00f6n <\/b><br>Rubus `Black Satin\u00b4"},"content":{"rendered":"<p>Taimi 1,4 litran ruukussa.<\/p>","protected":false},"excerpt":{"rendered":"<p>Ehk\u00e4 yksi kest\u00e4vimmist\u00e4 piikitt\u00f6mist\u00e4 lajikkeista?Nopea- ja voimakaskasvuinen, piikit\u00f6n k\u00f6ynn\u00f6skasvi, joka antaa runsaasti suuria, mustia, makeita marjoja syys-lokakuussa. Aurinkoinen paikka ja l\u00e4p\u00e4isev\u00e4, mielell\u00e4\u00e4n hiekkapitoinen  kosteuttapid\u00e4tt\u00e4v\u00e4 maa suositeltava. Erinomainen mehuihin, hilloihin, leivonnaisiin jne.<\/p>\n<p><strong>Vy\u00f6hyke: <\/strong>FI 1-2\/3. SE 1-3\/4.<br \/>\n<strong>Korkeus:<\/strong> 2 &#8211; 3 m<\/p>","protected":false},"featured_media":7720,"template":"","meta":[],"product_brand":[],"product_cat":[248],"product_tag":[],"class_list":{"0":"post-7195","1":"product","2":"type-product","3":"status-publish","4":"has-post-thumbnail","6":"product_cat-barvaxter","7":"product_shipping_class-postpaket","9":"first","10":"instock","11":"sale","12":"taxable","13":"shipping-taxable","14":"purchasable","15":"product-type-simple"},"_links":{"self":[{"href":"https:\/\/www3.blomqvistplantskola.com\/fi\/wp-json\/wp\/v2\/product\/7195","targetHints":{"allow":["GET"]}}],"collection":[{"href":"https:\/\/www3.blomqvistplantskola.com\/fi\/wp-json\/wp\/v2\/product"}],"about":[{"href":"https:\/\/www3.blomqvistplantskola.com\/fi\/wp-json\/wp\/v2\/types\/product"}],"wp:featuredmedia":[{"embeddable":true,"href":"https:\/\/www3.blomqvistplantskola.com\/fi\/wp-json\/wp\/v2\/media\/7720"}],"wp:attachment":[{"href":"https:\/\/www3.blomqvistplantskola.com\/fi\/wp-json\/wp\/v2\/media?parent=7195"}],"wp:term":[{"taxonomy":"product_brand","embeddable":true,"href":"https:\/\/www3.blomqvistplantskola.com\/fi\/wp-json\/wp\/v2\/product_brand?post=7195"},{"taxonomy":"product_cat","embeddable":true,"href":"https:\/\/www3.blomqvistplantskola.com\/fi\/wp-json\/wp\/v2\/product_cat?post=7195"},{"taxonomy":"product_tag","embeddable":true,"href":"https:\/\/www3.blomqvistplantskola.com\/fi\/wp-json\/wp\/v2\/product_tag?post=7195"}],"curies":[{"name":"wp","href":"https:\/\/api.w.org\/{rel}","templated":true}]}}