{"id":7196,"date":"2026-03-13T14:09:17","date_gmt":"2026-03-13T12:09:17","guid":{"rendered":"https:\/\/www3.blomqvistplantskola.com\/?post_type=product&#038;p=7196"},"modified":"2026-04-13T08:02:12","modified_gmt":"2026-04-13T06:02:12","slug":"taybarrubus-buckningham-tayberry","status":"publish","type":"product","link":"https:\/\/www3.blomqvistplantskola.com\/fi\/product\/taybarrubus-buckningham-tayberry\/","title":{"rendered":"<b>Teivadelma<\/b><br>Rubus `Buckingham Tayberry\u00b4"},"content":{"rendered":"<p>Kevyttaimi 2 litran ruukussa.<\/p>","protected":false},"excerpt":{"rendered":"<p>Piikit\u00f6n lajike. Karhunvadelman ja puutarhavadelman risteytys, l\u00f6ytynyt Skotlannista. Marjat 4-5 cm pitki\u00e4, satokypsin\u00e4 purppuranpunaisia ja silloin parhaimmillaan. Kyps\u00e4t marjat ovat pehmeit\u00e4, makeita ja upean aromikkaita. Kasvia viljell\u00e4\u00e4n kuten karhunvadelmaa, esim. s\u00e4leik\u00f6ss\u00e4. Paikan tulisi olla aurinkoinen, l\u00e4mmin ja suojaisa. 1-2 vy\u00f6hykkeit\u00e4 kylmemmill\u00e4 alueilla tulisi k\u00e4ytt\u00e4\u00e4 talvisuojausta.<\/p>\n<p><strong>Vy\u00f6hyke: <\/strong>FI 1-2. SE 1-3.<br \/>\n<strong>Korkeus:<\/strong> 2 &#8211; 3 m<\/p>","protected":false},"featured_media":7197,"template":"","meta":[],"product_brand":[],"product_cat":[248],"product_tag":[],"class_list":{"0":"post-7196","1":"product","2":"type-product","3":"status-publish","4":"has-post-thumbnail","6":"product_cat-barvaxter","7":"product_shipping_class-postpaket","9":"first","10":"instock","11":"taxable","12":"shipping-taxable","13":"purchasable","14":"product-type-simple"},"_links":{"self":[{"href":"https:\/\/www3.blomqvistplantskola.com\/fi\/wp-json\/wp\/v2\/product\/7196","targetHints":{"allow":["GET"]}}],"collection":[{"href":"https:\/\/www3.blomqvistplantskola.com\/fi\/wp-json\/wp\/v2\/product"}],"about":[{"href":"https:\/\/www3.blomqvistplantskola.com\/fi\/wp-json\/wp\/v2\/types\/product"}],"wp:featuredmedia":[{"embeddable":true,"href":"https:\/\/www3.blomqvistplantskola.com\/fi\/wp-json\/wp\/v2\/media\/7197"}],"wp:attachment":[{"href":"https:\/\/www3.blomqvistplantskola.com\/fi\/wp-json\/wp\/v2\/media?parent=7196"}],"wp:term":[{"taxonomy":"product_brand","embeddable":true,"href":"https:\/\/www3.blomqvistplantskola.com\/fi\/wp-json\/wp\/v2\/product_brand?post=7196"},{"taxonomy":"product_cat","embeddable":true,"href":"https:\/\/www3.blomqvistplantskola.com\/fi\/wp-json\/wp\/v2\/product_cat?post=7196"},{"taxonomy":"product_tag","embeddable":true,"href":"https:\/\/www3.blomqvistplantskola.com\/fi\/wp-json\/wp\/v2\/product_tag?post=7196"}],"curies":[{"name":"wp","href":"https:\/\/api.w.org\/{rel}","templated":true}]}}