{"id":7205,"date":"2026-03-13T14:09:17","date_gmt":"2026-03-13T12:09:17","guid":{"rendered":"https:\/\/www3.blomqvistplantskola.com\/?post_type=product&#038;p=7205"},"modified":"2026-04-23T21:57:58","modified_gmt":"2026-04-23T19:57:58","slug":"vinhallon-rubus-phoenicosius","status":"publish","type":"product","link":"https:\/\/www3.blomqvistplantskola.com\/fi\/product\/vinhallon-rubus-phoenicosius\/","title":{"rendered":"<b>Japaninvatukka <\/b><br>Rubus phoenicosius"},"content":{"rendered":"<p>Taimi 2 litran ruukussa.<\/p>","protected":false},"excerpt":{"rendered":"<p>Imel\u00e4nhappamat, tummanpunaiset marjat. Lajike kotoisin Japanista, ja muistuttaa pient\u00e4 vadelmaa. Maku ehk\u00e4p\u00e4 jotain vadelman ja karhunvadelman v\u00e4list\u00e4. Mit\u00e4 kypsempi marja, sit\u00e4 maukkaampi maku. Sopii mainiosti hilloihin, mehuihin ja koristeluun, sill\u00e4 s\u00e4ilytt\u00e4\u00e4 hyvin muotonsa my\u00f6s pakastettuna. Viljell\u00e4\u00e4n kuten karhunvadelmaa, mutta oksat eiv\u00e4t ole yht\u00e4 piikikk\u00e4\u00e4t, vaan pintaa peitt\u00e4\u00e4 ennemminkin karva ja yksitt\u00e4iset piikit. Hyvin koristeellinen vadelmalajike karvoineen ja harjaksineen.<\/p>\n<p><strong>Vy\u00f6hyke: <\/strong>FI 1-2. SE 1-3(4).<br \/>\n<strong>Korkeus:<\/strong> 2 m<\/p>","protected":false},"featured_media":7238,"template":"","meta":[],"product_brand":[],"product_cat":[248],"product_tag":[],"class_list":{"0":"post-7205","1":"product","2":"type-product","3":"status-publish","4":"has-post-thumbnail","6":"product_cat-barvaxter","7":"product_shipping_class-postpaket","9":"first","10":"instock","11":"taxable","12":"shipping-taxable","13":"purchasable","14":"product-type-simple"},"_links":{"self":[{"href":"https:\/\/www3.blomqvistplantskola.com\/fi\/wp-json\/wp\/v2\/product\/7205","targetHints":{"allow":["GET"]}}],"collection":[{"href":"https:\/\/www3.blomqvistplantskola.com\/fi\/wp-json\/wp\/v2\/product"}],"about":[{"href":"https:\/\/www3.blomqvistplantskola.com\/fi\/wp-json\/wp\/v2\/types\/product"}],"wp:featuredmedia":[{"embeddable":true,"href":"https:\/\/www3.blomqvistplantskola.com\/fi\/wp-json\/wp\/v2\/media\/7238"}],"wp:attachment":[{"href":"https:\/\/www3.blomqvistplantskola.com\/fi\/wp-json\/wp\/v2\/media?parent=7205"}],"wp:term":[{"taxonomy":"product_brand","embeddable":true,"href":"https:\/\/www3.blomqvistplantskola.com\/fi\/wp-json\/wp\/v2\/product_brand?post=7205"},{"taxonomy":"product_cat","embeddable":true,"href":"https:\/\/www3.blomqvistplantskola.com\/fi\/wp-json\/wp\/v2\/product_cat?post=7205"},{"taxonomy":"product_tag","embeddable":true,"href":"https:\/\/www3.blomqvistplantskola.com\/fi\/wp-json\/wp\/v2\/product_tag?post=7205"}],"curies":[{"name":"wp","href":"https:\/\/api.w.org\/{rel}","templated":true}]}}