{"id":7206,"date":"2026-03-13T14:09:17","date_gmt":"2026-03-13T12:09:17","guid":{"rendered":"https:\/\/www3.blomqvistplantskola.com\/?post_type=product&#038;p=7206"},"modified":"2026-04-06T09:32:21","modified_gmt":"2026-04-06T07:32:21","slug":"vinranka-vitis-hybr-einset-seedless","status":"publish","type":"product","link":"https:\/\/www3.blomqvistplantskola.com\/fi\/product\/vinranka-vitis-hybr-einset-seedless\/","title":{"rendered":"<b>Viinik\u00f6ynn\u00f6s <\/b><br>Vitis hybr. `Einset Seedless\u00b4"},"content":{"rendered":"<p>Taimi 2 litran ruukussa.<\/p>","protected":false},"excerpt":{"rendered":"<p>Baltialainen lajike, jolla makeat, punavioletit, keskisuuret, siemenett\u00f6m\u00e4t viiniryp\u00e4leet. Sato on s\u00e4\u00e4nn\u00f6llinen ja eritt\u00e4in hyv\u00e4. Itsep\u00f6lyttyv\u00e4. Nopeakasvuinen. Ulkona suojaisella paikalla tai kasvihuoneessa.<\/p>\n<p><strong>Vy\u00f6hyke: <\/strong>FI 1-2\/3. SE 1-3(4).<br \/>\n<strong>Korkeus: <\/strong>4 &#8211; 6 m<\/p>","protected":false},"featured_media":7306,"template":"","meta":[],"product_brand":[],"product_cat":[248],"product_tag":[],"class_list":{"0":"post-7206","1":"product","2":"type-product","3":"status-publish","4":"has-post-thumbnail","6":"product_cat-barvaxter","7":"product_shipping_class-postpaket","9":"first","10":"instock","11":"taxable","12":"shipping-taxable","13":"purchasable","14":"product-type-simple"},"_links":{"self":[{"href":"https:\/\/www3.blomqvistplantskola.com\/fi\/wp-json\/wp\/v2\/product\/7206","targetHints":{"allow":["GET"]}}],"collection":[{"href":"https:\/\/www3.blomqvistplantskola.com\/fi\/wp-json\/wp\/v2\/product"}],"about":[{"href":"https:\/\/www3.blomqvistplantskola.com\/fi\/wp-json\/wp\/v2\/types\/product"}],"wp:featuredmedia":[{"embeddable":true,"href":"https:\/\/www3.blomqvistplantskola.com\/fi\/wp-json\/wp\/v2\/media\/7306"}],"wp:attachment":[{"href":"https:\/\/www3.blomqvistplantskola.com\/fi\/wp-json\/wp\/v2\/media?parent=7206"}],"wp:term":[{"taxonomy":"product_brand","embeddable":true,"href":"https:\/\/www3.blomqvistplantskola.com\/fi\/wp-json\/wp\/v2\/product_brand?post=7206"},{"taxonomy":"product_cat","embeddable":true,"href":"https:\/\/www3.blomqvistplantskola.com\/fi\/wp-json\/wp\/v2\/product_cat?post=7206"},{"taxonomy":"product_tag","embeddable":true,"href":"https:\/\/www3.blomqvistplantskola.com\/fi\/wp-json\/wp\/v2\/product_tag?post=7206"}],"curies":[{"name":"wp","href":"https:\/\/api.w.org\/{rel}","templated":true}]}}