{"id":7209,"date":"2026-03-13T14:09:17","date_gmt":"2026-03-13T12:09:17","guid":{"rendered":"https:\/\/www3.blomqvistplantskola.com\/?post_type=product&#038;p=7209"},"modified":"2026-04-15T23:05:48","modified_gmt":"2026-04-15T21:05:48","slug":"vinranka-vitis-vinifera-lakemont","status":"publish","type":"product","link":"https:\/\/www3.blomqvistplantskola.com\/fi\/product\/vinranka-vitis-vinifera-lakemont\/","title":{"rendered":"<b>Viinik\u00f6ynn\u00f6s <\/b><br>Vitis vinifera `Lakemont\u00b4"},"content":{"rendered":"<p>Taimi 2 litran ruukussa.<\/p>","protected":false},"excerpt":{"rendered":"<p>Eritt\u00e4in hyv\u00e4 ja pidetty vihre\u00e4nkeltainen, t\u00e4ysin siemenet\u00f6n viiniryp\u00e4le. Se voi kuitenkin muodostaa yksitt\u00e4isi\u00e4 siemeni\u00e4 viile\u00e4mm\u00e4ss\u00e4 ilmastossa. Kasvatetaan ulkona suojaisessa paikassa tai kasvihuoneessa\/ulkohuoneessa. Erityisen hyv\u00e4 jopa kylmiin kasvihuoneisiin, jolloin se kypsyy jo syyskuussa. Yleens\u00e4 varsin runsasatoinen. Viihtyy maassa, jossa on korkea pH.<\/p>\n<p><strong>Vy\u00f6hyke: <\/strong>FI 1-2. SE 1-3\/4.<br \/>\n<strong>Korkeus: <\/strong>4 &#8211; 6 m<\/p>","protected":false},"featured_media":7304,"template":"","meta":[],"product_brand":[],"product_cat":[248],"product_tag":[],"class_list":{"0":"post-7209","1":"product","2":"type-product","3":"status-publish","4":"has-post-thumbnail","6":"product_cat-barvaxter","7":"product_shipping_class-postpaket","9":"first","10":"instock","11":"taxable","12":"shipping-taxable","13":"purchasable","14":"product-type-simple"},"_links":{"self":[{"href":"https:\/\/www3.blomqvistplantskola.com\/fi\/wp-json\/wp\/v2\/product\/7209","targetHints":{"allow":["GET"]}}],"collection":[{"href":"https:\/\/www3.blomqvistplantskola.com\/fi\/wp-json\/wp\/v2\/product"}],"about":[{"href":"https:\/\/www3.blomqvistplantskola.com\/fi\/wp-json\/wp\/v2\/types\/product"}],"wp:featuredmedia":[{"embeddable":true,"href":"https:\/\/www3.blomqvistplantskola.com\/fi\/wp-json\/wp\/v2\/media\/7304"}],"wp:attachment":[{"href":"https:\/\/www3.blomqvistplantskola.com\/fi\/wp-json\/wp\/v2\/media?parent=7209"}],"wp:term":[{"taxonomy":"product_brand","embeddable":true,"href":"https:\/\/www3.blomqvistplantskola.com\/fi\/wp-json\/wp\/v2\/product_brand?post=7209"},{"taxonomy":"product_cat","embeddable":true,"href":"https:\/\/www3.blomqvistplantskola.com\/fi\/wp-json\/wp\/v2\/product_cat?post=7209"},{"taxonomy":"product_tag","embeddable":true,"href":"https:\/\/www3.blomqvistplantskola.com\/fi\/wp-json\/wp\/v2\/product_tag?post=7209"}],"curies":[{"name":"wp","href":"https:\/\/api.w.org\/{rel}","templated":true}]}}