{"id":7210,"date":"2026-03-13T14:09:17","date_gmt":"2026-03-13T12:09:17","guid":{"rendered":"https:\/\/www3.blomqvistplantskola.com\/?post_type=product&#038;p=7210"},"modified":"2026-03-14T07:57:00","modified_gmt":"2026-03-14T05:57:00","slug":"vinranka-vitis-labrusca-reliance","status":"publish","type":"product","link":"https:\/\/www3.blomqvistplantskola.com\/fi\/product\/vinranka-vitis-labrusca-reliance\/","title":{"rendered":"<b>Viinik\u00f6ynn\u00f6s <\/b><br>Vitis labrusca `Reliance\u00b4"},"content":{"rendered":"<p>Taimi 2 litran ruukussa.<\/p>","protected":false},"excerpt":{"rendered":"<p>Kaunis siemenet\u00f6n ryp\u00e4le, joka kypsyy aikaisin. Sit\u00e4 voi kasvattaa ulkona Suomessa vy\u00f6hykkeell\u00e4 1, Ruotsissa vy\u00f6hykkeell\u00e4 1-2(3) suojaisella etel\u00e4seinustalla. Ylemmill\u00e4 vy\u00f6hykkeill\u00e4 kasvihuone sopii. Lajike tuottaa suuria, punavioletteja ryp\u00e4leit\u00e4 suurissa herkullisissa tertuiossa. Soveltuu tuoreena sy\u00f6t\u00e4v\u00e4ksi herkkuryp\u00e4leeksi ja viininval\u00f6mistukseen. Viihtyy maassa, jonka pH on matala. Itsep\u00f6lyttyv\u00e4.<\/p>\n<p><strong>Vy\u00f6hyke: <\/strong>FI 1-2. SE 1-2(3).<br \/>\n<strong>Korkeus: <\/strong>4 &#8211; 6 m<\/p>","protected":false},"featured_media":7338,"template":"","meta":[],"product_brand":[],"product_cat":[248],"product_tag":[],"class_list":{"0":"post-7210","1":"product","2":"type-product","3":"status-publish","4":"has-post-thumbnail","6":"product_cat-barvaxter","7":"product_shipping_class-postpaket","9":"first","10":"instock","11":"taxable","12":"shipping-taxable","13":"purchasable","14":"product-type-simple"},"_links":{"self":[{"href":"https:\/\/www3.blomqvistplantskola.com\/fi\/wp-json\/wp\/v2\/product\/7210","targetHints":{"allow":["GET"]}}],"collection":[{"href":"https:\/\/www3.blomqvistplantskola.com\/fi\/wp-json\/wp\/v2\/product"}],"about":[{"href":"https:\/\/www3.blomqvistplantskola.com\/fi\/wp-json\/wp\/v2\/types\/product"}],"wp:featuredmedia":[{"embeddable":true,"href":"https:\/\/www3.blomqvistplantskola.com\/fi\/wp-json\/wp\/v2\/media\/7338"}],"wp:attachment":[{"href":"https:\/\/www3.blomqvistplantskola.com\/fi\/wp-json\/wp\/v2\/media?parent=7210"}],"wp:term":[{"taxonomy":"product_brand","embeddable":true,"href":"https:\/\/www3.blomqvistplantskola.com\/fi\/wp-json\/wp\/v2\/product_brand?post=7210"},{"taxonomy":"product_cat","embeddable":true,"href":"https:\/\/www3.blomqvistplantskola.com\/fi\/wp-json\/wp\/v2\/product_cat?post=7210"},{"taxonomy":"product_tag","embeddable":true,"href":"https:\/\/www3.blomqvistplantskola.com\/fi\/wp-json\/wp\/v2\/product_tag?post=7210"}],"curies":[{"name":"wp","href":"https:\/\/api.w.org\/{rel}","templated":true}]}}