{"id":7230,"date":"2026-03-13T14:09:18","date_gmt":"2026-03-13T12:09:18","guid":{"rendered":"https:\/\/www3.blomqvistplantskola.com\/?post_type=product&#038;p=7230"},"modified":"2026-03-14T07:56:59","modified_gmt":"2026-03-14T05:56:59","slug":"vinranka-vitis-hybr-vanessa","status":"publish","type":"product","link":"https:\/\/www3.blomqvistplantskola.com\/fi\/product\/vinranka-vitis-hybr-vanessa\/","title":{"rendered":"<b>Viinik\u00f6ynn\u00f6s <\/b><br>Vitis hybr. `Vanessa\u00b4"},"content":{"rendered":"<p>Taimi 2 litran ruukussa.<\/p>","protected":false},"excerpt":{"rendered":"<p>L\u00e4hes t\u00e4ysin siemenet\u00f6n viiniryp\u00e4le, jolla punaiset, keskisuuret, makeat hedelm\u00e4t syksyll\u00e4. Kanadalainen runsasatoinen, eritt\u00e4in tyk\u00e4tty lajike. Itsep\u00f6lyttyv\u00e4.<\/p>\n<p><strong>Vy\u00f6hyke: <\/strong>FI 1-2(3). SE 1-3(4).<br \/>\n<strong>Korkeus: <\/strong>4 &#8211; 6 m<\/p>","protected":false},"featured_media":7335,"template":"","meta":[],"product_brand":[],"product_cat":[248],"product_tag":[],"class_list":{"0":"post-7230","1":"product","2":"type-product","3":"status-publish","4":"has-post-thumbnail","6":"product_cat-barvaxter","7":"product_shipping_class-postpaket","9":"first","10":"instock","11":"taxable","12":"shipping-taxable","13":"purchasable","14":"product-type-simple"},"_links":{"self":[{"href":"https:\/\/www3.blomqvistplantskola.com\/fi\/wp-json\/wp\/v2\/product\/7230","targetHints":{"allow":["GET"]}}],"collection":[{"href":"https:\/\/www3.blomqvistplantskola.com\/fi\/wp-json\/wp\/v2\/product"}],"about":[{"href":"https:\/\/www3.blomqvistplantskola.com\/fi\/wp-json\/wp\/v2\/types\/product"}],"wp:featuredmedia":[{"embeddable":true,"href":"https:\/\/www3.blomqvistplantskola.com\/fi\/wp-json\/wp\/v2\/media\/7335"}],"wp:attachment":[{"href":"https:\/\/www3.blomqvistplantskola.com\/fi\/wp-json\/wp\/v2\/media?parent=7230"}],"wp:term":[{"taxonomy":"product_brand","embeddable":true,"href":"https:\/\/www3.blomqvistplantskola.com\/fi\/wp-json\/wp\/v2\/product_brand?post=7230"},{"taxonomy":"product_cat","embeddable":true,"href":"https:\/\/www3.blomqvistplantskola.com\/fi\/wp-json\/wp\/v2\/product_cat?post=7230"},{"taxonomy":"product_tag","embeddable":true,"href":"https:\/\/www3.blomqvistplantskola.com\/fi\/wp-json\/wp\/v2\/product_tag?post=7230"}],"curies":[{"name":"wp","href":"https:\/\/api.w.org\/{rel}","templated":true}]}}