{"id":7241,"date":"2026-03-13T14:09:18","date_gmt":"2026-03-13T12:09:18","guid":{"rendered":"https:\/\/www3.blomqvistplantskola.com\/?post_type=product&#038;p=7241"},"modified":"2026-04-14T21:20:12","modified_gmt":"2026-04-14T19:20:12","slug":"svarta-vinbar-ribes-nigrum-storklas","status":"publish","type":"product","link":"https:\/\/www3.blomqvistplantskola.com\/fi\/product\/svarta-vinbar-ribes-nigrum-storklas\/","title":{"rendered":"<b>Mustaherukka <\/b><br>Ribes nigrum `Storklas\u00b4"},"content":{"rendered":"<p>Taimi 2 litran ruukussa.<\/p>","protected":false},"excerpt":{"rendered":"<p>Suhteellisen uusi ruotsalainen risteytys Balsg\u00e5rdista, 1986. Runsasmarjainen, suhteellisen pystykasvuinen lajike, jonka marjat suurikokoisia. Runsas typpilannoitus saa kuitenkin oksat riippumaan. Vastustuskykyinen h\u00e4rm\u00e4\u00e4 vastaan. Kypsyy suunnilleen 10 p\u00e4iv\u00e4\u00e4 \u00d6jebyn -lajikkeen j\u00e4lkeen.<\/p>\n<p><strong>Vy\u00f6hyke: <\/strong>FI 1-4. SE 1-5(6).<br \/>\n<strong>Korkeus: <\/strong>1,5 m<\/p>","protected":false},"featured_media":7242,"template":"","meta":[],"product_brand":[],"product_cat":[248],"product_tag":[],"class_list":{"0":"post-7241","1":"product","2":"type-product","3":"status-publish","4":"has-post-thumbnail","6":"product_cat-barvaxter","7":"product_shipping_class-postpaket","9":"first","10":"instock","11":"taxable","12":"shipping-taxable","13":"purchasable","14":"product-type-simple"},"_links":{"self":[{"href":"https:\/\/www3.blomqvistplantskola.com\/fi\/wp-json\/wp\/v2\/product\/7241","targetHints":{"allow":["GET"]}}],"collection":[{"href":"https:\/\/www3.blomqvistplantskola.com\/fi\/wp-json\/wp\/v2\/product"}],"about":[{"href":"https:\/\/www3.blomqvistplantskola.com\/fi\/wp-json\/wp\/v2\/types\/product"}],"wp:featuredmedia":[{"embeddable":true,"href":"https:\/\/www3.blomqvistplantskola.com\/fi\/wp-json\/wp\/v2\/media\/7242"}],"wp:attachment":[{"href":"https:\/\/www3.blomqvistplantskola.com\/fi\/wp-json\/wp\/v2\/media?parent=7241"}],"wp:term":[{"taxonomy":"product_brand","embeddable":true,"href":"https:\/\/www3.blomqvistplantskola.com\/fi\/wp-json\/wp\/v2\/product_brand?post=7241"},{"taxonomy":"product_cat","embeddable":true,"href":"https:\/\/www3.blomqvistplantskola.com\/fi\/wp-json\/wp\/v2\/product_cat?post=7241"},{"taxonomy":"product_tag","embeddable":true,"href":"https:\/\/www3.blomqvistplantskola.com\/fi\/wp-json\/wp\/v2\/product_tag?post=7241"}],"curies":[{"name":"wp","href":"https:\/\/api.w.org\/{rel}","templated":true}]}}