{"id":7243,"date":"2026-03-13T14:09:18","date_gmt":"2026-03-13T12:09:18","guid":{"rendered":"https:\/\/www3.blomqvistplantskola.com\/?post_type=product&#038;p=7243"},"modified":"2026-04-19T23:29:29","modified_gmt":"2026-04-19T21:29:29","slug":"buskblabar-amerikanska-blabar-vaccinium-angustifolium-hybr-north-blue","status":"publish","type":"product","link":"https:\/\/www3.blomqvistplantskola.com\/fi\/product\/buskblabar-amerikanska-blabar-vaccinium-angustifolium-hybr-north-blue\/","title":{"rendered":"<b>Pensasmustikka - Amerikkalainen mustikka <\/b><br>Vaccinium Angustifolium-hybr. `North Blue\u00b4"},"content":{"rendered":"<p>Taimi 2 litran ruukussa.<\/p>","protected":false},"excerpt":{"rendered":"<p>Ylivoimaisesti suosituin ja eniten viljelty lajike Suomessa. L\u00e4ht\u00f6isin Minnesotan yliopistosta, 1983. Lajike on keskiaikainen, 70 - 90 cm korkea ja hieman t\u00e4t\u00e4 leve\u00e4mpi. Marjat ovat kauniin tummansinisi\u00e4 ja himme\u00e4pintaisia. Ne maistuvat miellytt\u00e4v\u00e4n makeilta ja sopivan happamilta, ja ovat t\u00e4ynn\u00e4 vitamiineja ja flavonoideja. Runsassatoinen lajike voi tuottaa 3-6 litraa t\u00e4ysikasvuista pensasta kohden. Erinomaisia suoraan pensaasta sy\u00f6tyn\u00e4, mutta sopivat my\u00f6s leivonnaisiin ja hilloksi. Lajike on l\u00e4hes itsep\u00f6lytt\u00e4v\u00e4, mutta ristip\u00f6lytyksell\u00e4 toisen lajikkeen kanssa (esim.  North Country, North Sky.) saadaan parempi sato. Maaper\u00e4n on oltava kuohkea, l\u00e4mmin ja hapan (pH 4,5 - 5,2).<\/p>\n<p><strong>Vy\u00f6hyke: <\/strong>FI 1-5. SE 1-6.<br \/>\n<strong>Korkeus: <\/strong>0,8 m<\/p>","protected":false},"featured_media":4988,"template":"","meta":[],"product_brand":[],"product_cat":[248],"product_tag":[],"class_list":{"0":"post-7243","1":"product","2":"type-product","3":"status-publish","4":"has-post-thumbnail","6":"product_cat-barvaxter","7":"product_shipping_class-postpaket","9":"first","10":"instock","11":"taxable","12":"shipping-taxable","13":"purchasable","14":"product-type-simple"},"_links":{"self":[{"href":"https:\/\/www3.blomqvistplantskola.com\/fi\/wp-json\/wp\/v2\/product\/7243","targetHints":{"allow":["GET"]}}],"collection":[{"href":"https:\/\/www3.blomqvistplantskola.com\/fi\/wp-json\/wp\/v2\/product"}],"about":[{"href":"https:\/\/www3.blomqvistplantskola.com\/fi\/wp-json\/wp\/v2\/types\/product"}],"wp:featuredmedia":[{"embeddable":true,"href":"https:\/\/www3.blomqvistplantskola.com\/fi\/wp-json\/wp\/v2\/media\/4988"}],"wp:attachment":[{"href":"https:\/\/www3.blomqvistplantskola.com\/fi\/wp-json\/wp\/v2\/media?parent=7243"}],"wp:term":[{"taxonomy":"product_brand","embeddable":true,"href":"https:\/\/www3.blomqvistplantskola.com\/fi\/wp-json\/wp\/v2\/product_brand?post=7243"},{"taxonomy":"product_cat","embeddable":true,"href":"https:\/\/www3.blomqvistplantskola.com\/fi\/wp-json\/wp\/v2\/product_cat?post=7243"},{"taxonomy":"product_tag","embeddable":true,"href":"https:\/\/www3.blomqvistplantskola.com\/fi\/wp-json\/wp\/v2\/product_tag?post=7243"}],"curies":[{"name":"wp","href":"https:\/\/api.w.org\/{rel}","templated":true}]}}