{"id":7244,"date":"2025-03-10T19:59:14","date_gmt":"2025-03-10T17:59:14","guid":{"rendered":"https:\/\/www3.blomqvistplantskola.com\/?post_type=product&#038;p=7244"},"modified":"2026-04-09T08:50:13","modified_gmt":"2026-04-09T06:50:13","slug":"buskblabar-amerikanska-blabar-vaccinium-angustifolium-hybr-north-country","status":"publish","type":"product","link":"https:\/\/www3.blomqvistplantskola.com\/fi\/product\/buskblabar-amerikanska-blabar-vaccinium-angustifolium-hybr-north-country\/","title":{"rendered":"<b>Buskbl\u00e5b\u00e4r &#8211; Amerikanska bl\u00e5b\u00e4r 12 cm<\/b><br>Vaccinium Angustifolium-hybr. `North Country\u00b4"},"content":{"rendered":"<p>Planta i 12 cm:s kruka, rikf\u00f6rgrenad.<\/p>","protected":false},"excerpt":{"rendered":"<p>En bra pollineringssort till North Blue, fr\u00e5n Universitetet i Minnesota, 1983. L\u00e5g- och bredv\u00e4xande, ganska tidig sort med ganska sm\u00e5 b\u00e4r. Smaken \u00e4r angen\u00e4mt lik vilda bl\u00e5b\u00e4r. B\u00e4ren \u00e4r fulla av flavonoider och vitaminer. 1,5-4 liter\/planta. F\u00f6r att f\u00e5 sk\u00f6rd samplantera med t.ex. North Blue, North Sky, Patriot. Underbart vacker h\u00f6stf\u00e4rg s\u00e5 kan \u00e4ven anv\u00e4ndas som prydnadsbuske! Viktigt med lucker, fukth\u00e5llande, varm jord med l\u00e5gt pH f\u00f6r att lyckas bra.<\/p>\n<p><strong>Vy\u00f6hyke: <\/strong>FI 1-5. SE 1-6.<br \/>\n<strong>Korkeus: <\/strong>0,6 m<\/p>","protected":false},"featured_media":4957,"template":"","meta":[],"product_brand":[],"product_cat":[248],"product_tag":[],"class_list":{"0":"post-7244","1":"product","2":"type-product","3":"status-publish","4":"has-post-thumbnail","6":"product_cat-barvaxter","7":"product_shipping_class-postpaket","9":"first","10":"instock","11":"sale","12":"taxable","13":"shipping-taxable","14":"purchasable","15":"product-type-simple"},"_links":{"self":[{"href":"https:\/\/www3.blomqvistplantskola.com\/fi\/wp-json\/wp\/v2\/product\/7244","targetHints":{"allow":["GET"]}}],"collection":[{"href":"https:\/\/www3.blomqvistplantskola.com\/fi\/wp-json\/wp\/v2\/product"}],"about":[{"href":"https:\/\/www3.blomqvistplantskola.com\/fi\/wp-json\/wp\/v2\/types\/product"}],"wp:featuredmedia":[{"embeddable":true,"href":"https:\/\/www3.blomqvistplantskola.com\/fi\/wp-json\/wp\/v2\/media\/4957"}],"wp:attachment":[{"href":"https:\/\/www3.blomqvistplantskola.com\/fi\/wp-json\/wp\/v2\/media?parent=7244"}],"wp:term":[{"taxonomy":"product_brand","embeddable":true,"href":"https:\/\/www3.blomqvistplantskola.com\/fi\/wp-json\/wp\/v2\/product_brand?post=7244"},{"taxonomy":"product_cat","embeddable":true,"href":"https:\/\/www3.blomqvistplantskola.com\/fi\/wp-json\/wp\/v2\/product_cat?post=7244"},{"taxonomy":"product_tag","embeddable":true,"href":"https:\/\/www3.blomqvistplantskola.com\/fi\/wp-json\/wp\/v2\/product_tag?post=7244"}],"curies":[{"name":"wp","href":"https:\/\/api.w.org\/{rel}","templated":true}]}}