{"id":7247,"date":"2026-03-13T14:24:55","date_gmt":"2026-03-13T12:24:55","guid":{"rendered":"https:\/\/www3.blomqvistplantskola.com\/?post_type=product&#038;p=7247"},"modified":"2026-04-24T12:15:54","modified_gmt":"2026-04-24T10:15:54","slug":"kanadensisk-buskros-rosa-campfire","status":"publish","type":"product","link":"https:\/\/www3.blomqvistplantskola.com\/fi\/product\/kanadensisk-buskros-rosa-campfire\/","title":{"rendered":"<b>Kanadalainen pensasruusu <\/b><br>Rosa `Campfire\u00b4"},"content":{"rendered":"<p>Taimi 2 litran ruukussa.<\/p>","protected":false},"excerpt":{"rendered":"<p>V\u00e4rik\u00e4s uutuus! Keltapunaiset nuput, jotka auetessaan vaihtavat v\u00e4ri\u00e4 keltaisiksi ja niiss\u00e4 on my\u00f6s jonkinverran roosan s\u00e4vyj\u00e4. Vanhemmat kukat ovat enemm\u00e4nkin roosan v\u00e4riset. Pensaassa on siis samanaikaisesti monenv\u00e4risi\u00e4 kukkia. Terve, runsaasti kukkiva pensas, jolla on kaunis kasvutapa ja kaunis tummanvihre\u00e4 lehdist\u00f6. Antaa upeaa v\u00e4riloistoa kukkiessaan! L\u00e4mmin suositus. Kun kukkineet kukat poistetaan, kukkii kes\u00e4kuun lopulta pakkasiin asti. Omajuurinen.<\/p>\n<p><strong>Vy\u00f6hyke: <\/strong>FI 1-3\/4. SE 1-5.<br \/>\n<strong>Korkeus: <\/strong>0,6-1 m<\/p>","protected":false},"featured_media":4020,"template":"","meta":[],"product_brand":[],"product_cat":[255],"product_tag":[],"class_list":{"0":"post-7247","1":"product","2":"type-product","3":"status-publish","4":"has-post-thumbnail","6":"product_cat-rosor","7":"product_shipping_class-postpaket","9":"first","10":"instock","11":"taxable","12":"shipping-taxable","13":"purchasable","14":"product-type-simple"},"_links":{"self":[{"href":"https:\/\/www3.blomqvistplantskola.com\/fi\/wp-json\/wp\/v2\/product\/7247","targetHints":{"allow":["GET"]}}],"collection":[{"href":"https:\/\/www3.blomqvistplantskola.com\/fi\/wp-json\/wp\/v2\/product"}],"about":[{"href":"https:\/\/www3.blomqvistplantskola.com\/fi\/wp-json\/wp\/v2\/types\/product"}],"wp:featuredmedia":[{"embeddable":true,"href":"https:\/\/www3.blomqvistplantskola.com\/fi\/wp-json\/wp\/v2\/media\/4020"}],"wp:attachment":[{"href":"https:\/\/www3.blomqvistplantskola.com\/fi\/wp-json\/wp\/v2\/media?parent=7247"}],"wp:term":[{"taxonomy":"product_brand","embeddable":true,"href":"https:\/\/www3.blomqvistplantskola.com\/fi\/wp-json\/wp\/v2\/product_brand?post=7247"},{"taxonomy":"product_cat","embeddable":true,"href":"https:\/\/www3.blomqvistplantskola.com\/fi\/wp-json\/wp\/v2\/product_cat?post=7247"},{"taxonomy":"product_tag","embeddable":true,"href":"https:\/\/www3.blomqvistplantskola.com\/fi\/wp-json\/wp\/v2\/product_tag?post=7247"}],"curies":[{"name":"wp","href":"https:\/\/api.w.org\/{rel}","templated":true}]}}