{"id":7248,"date":"2026-03-13T14:24:56","date_gmt":"2026-03-13T12:24:56","guid":{"rendered":"https:\/\/www3.blomqvistplantskola.com\/?post_type=product&#038;p=7248"},"modified":"2026-04-18T22:20:09","modified_gmt":"2026-04-18T20:20:09","slug":"kanadensisk-buskros-rosa-morden-sunrise","status":"publish","type":"product","link":"https:\/\/www3.blomqvistplantskola.com\/fi\/product\/kanadensisk-buskros-rosa-morden-sunrise\/","title":{"rendered":"<b>Kanadalainen pensasruusu <\/b><br>Rosa `Morden Sunrise\u00b4"},"content":{"rendered":"<p>Taimi 2 litran ruukussa.<\/p>","protected":false},"excerpt":{"rendered":"<p>Suomenkielinen nimi t\u00e4lle ihmeellisen kauniille, kullankeltaiselle ruusulle voisi olla \u201dAamurusko\u201d. Lajike on uudempia ruusuja Kanadasta. Tuoksuvat, puolikerrotut kukat ovat tertuissa, joissa on 2-15 kukkaa. Morden Sunrise oli ensimm\u00e4inen pitk\u00e4\u00e4n kukkiva, tuoksuva, keltainen pensasruusu, joka on sek\u00e4 kest\u00e4v\u00e4 ett\u00e4 terve. Omajuurinen, mik\u00e4 tarkoittaa sit\u00e4, ett\u00e4 kasvi ei muodosta villiversoja.<\/p>\n<p><strong>Vy\u00f6hyke: <\/strong>FI 1-3. SE 1-4.<br \/>\n<strong>Korkeus:<\/strong> 0,7-0,9 m<\/p>","protected":false},"featured_media":4017,"template":"","meta":[],"product_brand":[],"product_cat":[255],"product_tag":[],"class_list":{"0":"post-7248","1":"product","2":"type-product","3":"status-publish","4":"has-post-thumbnail","6":"product_cat-rosor","7":"product_shipping_class-postpaket","9":"first","10":"instock","11":"taxable","12":"shipping-taxable","13":"purchasable","14":"product-type-simple"},"_links":{"self":[{"href":"https:\/\/www3.blomqvistplantskola.com\/fi\/wp-json\/wp\/v2\/product\/7248","targetHints":{"allow":["GET"]}}],"collection":[{"href":"https:\/\/www3.blomqvistplantskola.com\/fi\/wp-json\/wp\/v2\/product"}],"about":[{"href":"https:\/\/www3.blomqvistplantskola.com\/fi\/wp-json\/wp\/v2\/types\/product"}],"wp:featuredmedia":[{"embeddable":true,"href":"https:\/\/www3.blomqvistplantskola.com\/fi\/wp-json\/wp\/v2\/media\/4017"}],"wp:attachment":[{"href":"https:\/\/www3.blomqvistplantskola.com\/fi\/wp-json\/wp\/v2\/media?parent=7248"}],"wp:term":[{"taxonomy":"product_brand","embeddable":true,"href":"https:\/\/www3.blomqvistplantskola.com\/fi\/wp-json\/wp\/v2\/product_brand?post=7248"},{"taxonomy":"product_cat","embeddable":true,"href":"https:\/\/www3.blomqvistplantskola.com\/fi\/wp-json\/wp\/v2\/product_cat?post=7248"},{"taxonomy":"product_tag","embeddable":true,"href":"https:\/\/www3.blomqvistplantskola.com\/fi\/wp-json\/wp\/v2\/product_tag?post=7248"}],"curies":[{"name":"wp","href":"https:\/\/api.w.org\/{rel}","templated":true}]}}