{"id":7251,"date":"2026-03-13T14:10:18","date_gmt":"2026-03-13T12:10:18","guid":{"rendered":"https:\/\/www3.blomqvistplantskola.com\/?post_type=product&#038;p=7251"},"modified":"2026-04-15T14:57:42","modified_gmt":"2026-04-15T12:57:42","slug":"nyponros-rosa-karpatia","status":"publish","type":"product","link":"https:\/\/www3.blomqvistplantskola.com\/fi\/product\/nyponros-rosa-karpatia\/","title":{"rendered":"<b>Luumuruusu <\/b><br>Rosa `Karpatia\u00b4"},"content":{"rendered":"<p>Taimi 2 litran ruukussa.<\/p>","protected":false},"excerpt":{"rendered":"<p>Uutuus, jota viljell\u00e4\u00e4n l\u00e4hinn\u00e4 suurten (3-4 cm), kirkkaanpunaisten talousk\u00e4ytt\u00f6\u00f6n soveltuvien ruusunmarjojensa vuoksi. Ruusunmarjat ovat makeita, paksukuorisia ja hyvi\u00e4 sy\u00f6d\u00e4 jopa tuoreena.. Eritt\u00e4in vitamiinipitoisia (korkea C-vitamiinipitoisuus). Kukkii runsaasti tuoksuvin, yksinkertaisin roosanv\u00e4risin kukin. Vaatimaton, terve ruusu, jolla on kaunis syysv\u00e4ri. Omajuurinen, joten ei kasvata villiversoja.<\/p>\n<p><strong>Vy\u00f6hyke: <\/strong>FI 1-4. SE 1-5.<br \/>\n<strong>Korkeus:<\/strong> 1,5 &#8211; 2 m<\/p>","protected":false},"featured_media":7315,"template":"","meta":[],"product_brand":[],"product_cat":[248,255],"product_tag":[],"class_list":{"0":"post-7251","1":"product","2":"type-product","3":"status-publish","4":"has-post-thumbnail","6":"product_cat-barvaxter","7":"product_cat-rosor","8":"product_shipping_class-postpaket","10":"first","11":"instock","12":"taxable","13":"shipping-taxable","14":"purchasable","15":"product-type-simple"},"_links":{"self":[{"href":"https:\/\/www3.blomqvistplantskola.com\/fi\/wp-json\/wp\/v2\/product\/7251","targetHints":{"allow":["GET"]}}],"collection":[{"href":"https:\/\/www3.blomqvistplantskola.com\/fi\/wp-json\/wp\/v2\/product"}],"about":[{"href":"https:\/\/www3.blomqvistplantskola.com\/fi\/wp-json\/wp\/v2\/types\/product"}],"wp:featuredmedia":[{"embeddable":true,"href":"https:\/\/www3.blomqvistplantskola.com\/fi\/wp-json\/wp\/v2\/media\/7315"}],"wp:attachment":[{"href":"https:\/\/www3.blomqvistplantskola.com\/fi\/wp-json\/wp\/v2\/media?parent=7251"}],"wp:term":[{"taxonomy":"product_brand","embeddable":true,"href":"https:\/\/www3.blomqvistplantskola.com\/fi\/wp-json\/wp\/v2\/product_brand?post=7251"},{"taxonomy":"product_cat","embeddable":true,"href":"https:\/\/www3.blomqvistplantskola.com\/fi\/wp-json\/wp\/v2\/product_cat?post=7251"},{"taxonomy":"product_tag","embeddable":true,"href":"https:\/\/www3.blomqvistplantskola.com\/fi\/wp-json\/wp\/v2\/product_tag?post=7251"}],"curies":[{"name":"wp","href":"https:\/\/api.w.org\/{rel}","templated":true}]}}