{"id":7254,"date":"2026-03-13T14:24:56","date_gmt":"2026-03-13T12:24:56","guid":{"rendered":"https:\/\/www3.blomqvistplantskola.com\/?post_type=product&#038;p=7254"},"modified":"2026-04-10T13:12:45","modified_gmt":"2026-04-10T11:12:45","slug":"gallicaros-rosa-gallica-auli","status":"publish","type":"product","link":"https:\/\/www3.blomqvistplantskola.com\/fi\/product\/gallicaros-rosa-gallica-auli\/","title":{"rendered":"<b>Ranskanruusu <\/b><br>Rosa gallica `Auli\u00b4"},"content":{"rendered":"<p>Taimi 2 litran ruukussa.<\/p>","protected":false},"excerpt":{"rendered":"<p>Suomalainen risteytys tunnetulta ruusunjalostajalta Pirjo Rautiolta. Sen nimi tulee taidemaalari Auli J\u00e4rvel\u00e4lt\u00e4. Kukat ovat kerrannaisia, vaalean aniliininpun. Kukinta-aika on v\u00e4h\u00e4n my\u00f6h\u00e4isempi kuin muilla Gallica-ruusuilla. Kukat ovat voimakkaasti tuoksuvat. Omajuurinen.<\/p>\n<p><strong>Vy\u00f6hyke: <\/strong>FI 1-3. SE 1-4\/5.<br \/>\n<strong>Korkeus:<\/strong> 1,4 \u2013 1,6 m<\/p>","protected":false},"featured_media":5167,"template":"","meta":[],"product_brand":[],"product_cat":[255],"product_tag":[],"class_list":{"0":"post-7254","1":"product","2":"type-product","3":"status-publish","4":"has-post-thumbnail","6":"product_cat-rosor","7":"product_shipping_class-postpaket","9":"first","10":"instock","11":"taxable","12":"shipping-taxable","13":"purchasable","14":"product-type-simple"},"_links":{"self":[{"href":"https:\/\/www3.blomqvistplantskola.com\/fi\/wp-json\/wp\/v2\/product\/7254","targetHints":{"allow":["GET"]}}],"collection":[{"href":"https:\/\/www3.blomqvistplantskola.com\/fi\/wp-json\/wp\/v2\/product"}],"about":[{"href":"https:\/\/www3.blomqvistplantskola.com\/fi\/wp-json\/wp\/v2\/types\/product"}],"wp:featuredmedia":[{"embeddable":true,"href":"https:\/\/www3.blomqvistplantskola.com\/fi\/wp-json\/wp\/v2\/media\/5167"}],"wp:attachment":[{"href":"https:\/\/www3.blomqvistplantskola.com\/fi\/wp-json\/wp\/v2\/media?parent=7254"}],"wp:term":[{"taxonomy":"product_brand","embeddable":true,"href":"https:\/\/www3.blomqvistplantskola.com\/fi\/wp-json\/wp\/v2\/product_brand?post=7254"},{"taxonomy":"product_cat","embeddable":true,"href":"https:\/\/www3.blomqvistplantskola.com\/fi\/wp-json\/wp\/v2\/product_cat?post=7254"},{"taxonomy":"product_tag","embeddable":true,"href":"https:\/\/www3.blomqvistplantskola.com\/fi\/wp-json\/wp\/v2\/product_tag?post=7254"}],"curies":[{"name":"wp","href":"https:\/\/api.w.org\/{rel}","templated":true}]}}