{"id":7257,"date":"2024-04-02T12:03:23","date_gmt":"2024-04-02T10:03:23","guid":{"rendered":"https:\/\/www3.blomqvistplantskola.com\/?post_type=product&#038;p=7257"},"modified":"2025-09-23T07:24:41","modified_gmt":"2025-09-23T05:24:41","slug":"roda-vinbar-ribes-rubrum-rod-hollandsk","status":"publish","type":"product","link":"https:\/\/www3.blomqvistplantskola.com\/fi\/product\/roda-vinbar-ribes-rubrum-rod-hollandsk\/","title":{"rendered":"<b>Punaherukka <\/b><br>Ribes rubrum `R\u00f6d Holl\u00e4ndsk\u00b4"},"content":{"rendered":"<p>Taimi 2 litran ruukussa.<\/p>","protected":false},"excerpt":{"rendered":"<p>Vanha lajike, joka mainitaan jo vuonna 1867. Eritt\u00e4in talvenkest\u00e4v\u00e4, terve lajike ja ehk\u00e4 juuri t\u00e4m\u00e4n takia Suomessa eniten viljelty punaherukkalajike. Marjat ovat mehukkaita ja happamanimeli\u00e4, mik\u00e4 tekee siit\u00e4 mainion talousmarjan mehuihin, hilloihin jne. Kypsyy noin 1 viikko Jonkheer van Tets lajikkeen j\u00e4lkeen. Pystykasvuinen ja keskisuuri pensas kasvattaa runsaasti oksia.<\/p>\n<p><strong>Vy\u00f6hyke: <\/strong>FI 1-. SE 1-6\/7.<br \/>\n<strong>Korkeus: <\/strong>1,2-1,5 m<\/p>","protected":false},"featured_media":7258,"template":"","meta":[],"product_brand":[],"product_cat":[248],"product_tag":[],"class_list":{"0":"post-7257","1":"product","2":"type-product","3":"status-publish","4":"has-post-thumbnail","6":"product_cat-barvaxter","7":"product_shipping_class-postpaket","9":"first","10":"outofstock","11":"taxable","12":"shipping-taxable","13":"purchasable","14":"product-type-simple"},"_links":{"self":[{"href":"https:\/\/www3.blomqvistplantskola.com\/fi\/wp-json\/wp\/v2\/product\/7257","targetHints":{"allow":["GET"]}}],"collection":[{"href":"https:\/\/www3.blomqvistplantskola.com\/fi\/wp-json\/wp\/v2\/product"}],"about":[{"href":"https:\/\/www3.blomqvistplantskola.com\/fi\/wp-json\/wp\/v2\/types\/product"}],"wp:featuredmedia":[{"embeddable":true,"href":"https:\/\/www3.blomqvistplantskola.com\/fi\/wp-json\/wp\/v2\/media\/7258"}],"wp:attachment":[{"href":"https:\/\/www3.blomqvistplantskola.com\/fi\/wp-json\/wp\/v2\/media?parent=7257"}],"wp:term":[{"taxonomy":"product_brand","embeddable":true,"href":"https:\/\/www3.blomqvistplantskola.com\/fi\/wp-json\/wp\/v2\/product_brand?post=7257"},{"taxonomy":"product_cat","embeddable":true,"href":"https:\/\/www3.blomqvistplantskola.com\/fi\/wp-json\/wp\/v2\/product_cat?post=7257"},{"taxonomy":"product_tag","embeddable":true,"href":"https:\/\/www3.blomqvistplantskola.com\/fi\/wp-json\/wp\/v2\/product_tag?post=7257"}],"curies":[{"name":"wp","href":"https:\/\/api.w.org\/{rel}","templated":true}]}}