{"id":7259,"date":"2026-03-13T14:10:59","date_gmt":"2026-03-13T12:10:59","guid":{"rendered":"https:\/\/www3.blomqvistplantskola.com\/?post_type=product&#038;p=7259"},"modified":"2026-04-16T11:15:43","modified_gmt":"2026-04-16T09:15:43","slug":"vita-vinbar-ribes-rubrum-vit-hollandsk","status":"publish","type":"product","link":"https:\/\/www3.blomqvistplantskola.com\/fi\/product\/vita-vinbar-ribes-rubrum-vit-hollandsk\/","title":{"rendered":"<b>Valkoherukka <\/b><br>Ribes rubrum `Vit Holl\u00e4ndsk\u00b4"},"content":{"rendered":"<p>Taimi 2 litran ruukussa.<\/p>","protected":false},"excerpt":{"rendered":"<p>Luultavasti viljellyin valkoherukka Suomessa. Vanha, eritt\u00e4in runsasmarjainen ja kest\u00e4v\u00e4 lajike. Maku ei ole yht\u00e4 voimakas, kuin mustaherukassa, joten n\u00e4ist\u00e4 lapsetkin pit\u00e4v\u00e4t. Mainio herkkumarja siis!<\/p>\n<p><strong>Vy\u00f6hyke: <\/strong>FI 1-. SE 1-6\/7.<br \/>\n<strong>Korkeus: <\/strong>1,2-1,5 m<\/p>","protected":false},"featured_media":7300,"template":"","meta":[],"product_brand":[],"product_cat":[248],"product_tag":[],"class_list":{"0":"post-7259","1":"product","2":"type-product","3":"status-publish","4":"has-post-thumbnail","6":"product_cat-barvaxter","7":"product_shipping_class-postpaket","9":"first","10":"outofstock","11":"taxable","12":"shipping-taxable","13":"purchasable","14":"product-type-simple"},"_links":{"self":[{"href":"https:\/\/www3.blomqvistplantskola.com\/fi\/wp-json\/wp\/v2\/product\/7259","targetHints":{"allow":["GET"]}}],"collection":[{"href":"https:\/\/www3.blomqvistplantskola.com\/fi\/wp-json\/wp\/v2\/product"}],"about":[{"href":"https:\/\/www3.blomqvistplantskola.com\/fi\/wp-json\/wp\/v2\/types\/product"}],"wp:featuredmedia":[{"embeddable":true,"href":"https:\/\/www3.blomqvistplantskola.com\/fi\/wp-json\/wp\/v2\/media\/7300"}],"wp:attachment":[{"href":"https:\/\/www3.blomqvistplantskola.com\/fi\/wp-json\/wp\/v2\/media?parent=7259"}],"wp:term":[{"taxonomy":"product_brand","embeddable":true,"href":"https:\/\/www3.blomqvistplantskola.com\/fi\/wp-json\/wp\/v2\/product_brand?post=7259"},{"taxonomy":"product_cat","embeddable":true,"href":"https:\/\/www3.blomqvistplantskola.com\/fi\/wp-json\/wp\/v2\/product_cat?post=7259"},{"taxonomy":"product_tag","embeddable":true,"href":"https:\/\/www3.blomqvistplantskola.com\/fi\/wp-json\/wp\/v2\/product_tag?post=7259"}],"curies":[{"name":"wp","href":"https:\/\/api.w.org\/{rel}","templated":true}]}}