{"id":7262,"date":"2026-03-13T14:10:59","date_gmt":"2026-03-13T12:10:59","guid":{"rendered":"https:\/\/www3.blomqvistplantskola.com\/?post_type=product&#038;p=7262"},"modified":"2026-03-18T13:43:00","modified_gmt":"2026-03-18T11:43:00","slug":"kiwi-minikiwiactinidia-arguta-chang-bai","status":"publish","type":"product","link":"https:\/\/www3.blomqvistplantskola.com\/fi\/product\/kiwi-minikiwiactinidia-arguta-chang-bai\/","title":{"rendered":"<b>Kiivi (minikiivi)<\/b><br>Actinidia arguta `Chang Bai\u00b4"},"content":{"rendered":"<p>Taimi 2 litran ruukussa.<\/p>","protected":false},"excerpt":{"rendered":"<p><span style=\"font-family: Arial, serif;\"><span style=\"font-size: medium;\">Hedelmi\u00e4tuottava emitaimi (tytt\u00f6), eksoottinen k\u00f6ynn\u00f6skasvi, joka tulisi istuttaa yhdess\u00e4 hedetaimen (poika), esim. Tage, kanssa, sadon saamiseksi. Yksi poikataimi p\u00f6lytt\u00e4\u00e4 useita tytt\u00f6taimia. Muodostaa maukkaita kiivi\u00e4 muistuttavia hedelmi\u00e4 loppukes\u00e4st\u00e4 -lokakuussa. hedelmist\u00e4 tulee 3-4 cm pitki\u00e4 ja eritt\u00e4in hyv\u00e4n makuisia. Tuoksuvat kukat touko-\/kes\u00e4kuussa. Kasvaa voimakkaasti jo yhdess\u00e4 kes\u00e4ss\u00e4, asetuttuaan jopa useita metrej\u00e4 kauden aikana. Hauska liaanimainen k\u00f6ynn\u00f6skasvi, joka voi koristaa suuria s\u00e4leikk\u00f6j\u00e4 tai pergoloita.<br \/>\n<\/span><\/span><\/p>\n<p><strong>Vy\u00f6hyke: <\/strong>FI 1-2. SE 1-3.<br \/>\n<strong>Korkeus: <\/strong>4 &#8211; 5 m<\/p>\n<p>&nbsp;<\/p>\n<p><span style=\"font-family: Arial, serif;\"><span style=\"font-size: medium;\">\u00a0<\/span><\/span><\/p>","protected":false},"featured_media":7263,"template":"","meta":[],"product_brand":[],"product_cat":[248],"product_tag":[],"class_list":{"0":"post-7262","1":"product","2":"type-product","3":"status-publish","4":"has-post-thumbnail","6":"product_cat-barvaxter","7":"product_shipping_class-postpaket","9":"first","10":"instock","11":"taxable","12":"shipping-taxable","13":"purchasable","14":"product-type-simple"},"_links":{"self":[{"href":"https:\/\/www3.blomqvistplantskola.com\/fi\/wp-json\/wp\/v2\/product\/7262","targetHints":{"allow":["GET"]}}],"collection":[{"href":"https:\/\/www3.blomqvistplantskola.com\/fi\/wp-json\/wp\/v2\/product"}],"about":[{"href":"https:\/\/www3.blomqvistplantskola.com\/fi\/wp-json\/wp\/v2\/types\/product"}],"wp:featuredmedia":[{"embeddable":true,"href":"https:\/\/www3.blomqvistplantskola.com\/fi\/wp-json\/wp\/v2\/media\/7263"}],"wp:attachment":[{"href":"https:\/\/www3.blomqvistplantskola.com\/fi\/wp-json\/wp\/v2\/media?parent=7262"}],"wp:term":[{"taxonomy":"product_brand","embeddable":true,"href":"https:\/\/www3.blomqvistplantskola.com\/fi\/wp-json\/wp\/v2\/product_brand?post=7262"},{"taxonomy":"product_cat","embeddable":true,"href":"https:\/\/www3.blomqvistplantskola.com\/fi\/wp-json\/wp\/v2\/product_cat?post=7262"},{"taxonomy":"product_tag","embeddable":true,"href":"https:\/\/www3.blomqvistplantskola.com\/fi\/wp-json\/wp\/v2\/product_tag?post=7262"}],"curies":[{"name":"wp","href":"https:\/\/api.w.org\/{rel}","templated":true}]}}