{"id":7265,"date":"2026-03-13T14:10:59","date_gmt":"2026-03-13T12:10:59","guid":{"rendered":"https:\/\/www3.blomqvistplantskola.com\/?post_type=product&#038;p=7265"},"modified":"2026-04-23T11:36:32","modified_gmt":"2026-04-23T09:36:32","slug":"minikiwiactinidia-kolomikta-dr-szymanowski","status":"publish","type":"product","link":"https:\/\/www3.blomqvistplantskola.com\/fi\/product\/minikiwiactinidia-kolomikta-dr-szymanowski\/","title":{"rendered":"<b>Minikiivi<\/b><br>Actinidia kolomikta `Dr Szymanowski\u00b4"},"content":{"rendered":"<p>Taimi 2 litran ruukussa.<\/p>","protected":false},"excerpt":{"rendered":"<p><span style=\"font-family: Arial, serif;\"><span style=\"font-size: medium;\">Osittain itsep\u00f6lyttyv\u00e4 lajike (muodostaa ajan saatossa sek\u00e4 sek\u00e4 hede- ett\u00e4 emikukkia samaan kasviin), mutta antaa toki paremman sadon istutettuna yhdess\u00e4 hedetaimen (poika) kanssa, esim. Adam. Tuoksuvat valkoiset kukat kes\u00e4kuussa. Muodostaa sy\u00f6t\u00e4vi\u00e4, makeita, pieni\u00e4, karviaista muistuttavia hedelmi\u00e4 loppukes\u00e4st\u00e4. Hedelm\u00e4t sy\u00f6daan sellaisenaan, kuorimatta. Mik\u00e4li kypsi\u00e4 hedelmi\u00e4 ei poimita ajallaan, putoavat ne maahan, joten kasvin alle on hyv\u00e4 laittaa jotain, mist\u00e4 hedelm\u00e4t on n\u00e4pp\u00e4r\u00e4 poimia talteen. Vanhemmat taimet saavat kauniin moniv\u00e4riset, valko-roosa-vihre\u00e4t lehdet. Eritt\u00e4in koristeellinen k\u00f6ynn\u00f6skasvi, josta tulee aikaa my\u00f6ten leve\u00e4. Kasvaa kes\u00e4n aikana voimakkaasti, kunnolla asetuttuaan jopa useita metrej\u00e4 kauden aikana.Hauska k\u00f6ynn\u00f6s, joka voi peitt\u00e4\u00e4 suuria s\u00e4leikk\u00f6j\u00e4 ja pergoloita.<br \/>\n<\/span><\/span><\/p>\n<p><strong>Vy\u00f6hyke: <\/strong>FI 1-3. SE 1-4\/5.<br \/>\n<strong>Korkeus: <\/strong>3 &#8211; 5 m<\/p>\n<p>&nbsp;<\/p>\n<p><span style=\"font-family: Arial, serif;\"><span style=\"font-size: medium;\">\u00a0<\/span><\/span><\/p>","protected":false},"featured_media":0,"template":"","meta":[],"product_brand":[],"product_cat":[248],"product_tag":[],"class_list":{"0":"post-7265","1":"product","2":"type-product","3":"status-publish","5":"product_cat-barvaxter","6":"product_shipping_class-postpaket","8":"first","9":"instock","10":"taxable","11":"shipping-taxable","12":"purchasable","13":"product-type-simple"},"_links":{"self":[{"href":"https:\/\/www3.blomqvistplantskola.com\/fi\/wp-json\/wp\/v2\/product\/7265","targetHints":{"allow":["GET"]}}],"collection":[{"href":"https:\/\/www3.blomqvistplantskola.com\/fi\/wp-json\/wp\/v2\/product"}],"about":[{"href":"https:\/\/www3.blomqvistplantskola.com\/fi\/wp-json\/wp\/v2\/types\/product"}],"wp:attachment":[{"href":"https:\/\/www3.blomqvistplantskola.com\/fi\/wp-json\/wp\/v2\/media?parent=7265"}],"wp:term":[{"taxonomy":"product_brand","embeddable":true,"href":"https:\/\/www3.blomqvistplantskola.com\/fi\/wp-json\/wp\/v2\/product_brand?post=7265"},{"taxonomy":"product_cat","embeddable":true,"href":"https:\/\/www3.blomqvistplantskola.com\/fi\/wp-json\/wp\/v2\/product_cat?post=7265"},{"taxonomy":"product_tag","embeddable":true,"href":"https:\/\/www3.blomqvistplantskola.com\/fi\/wp-json\/wp\/v2\/product_tag?post=7265"}],"curies":[{"name":"wp","href":"https:\/\/api.w.org\/{rel}","templated":true}]}}