{"id":7275,"date":"2026-03-13T14:15:01","date_gmt":"2026-03-13T12:15:01","guid":{"rendered":"https:\/\/www3.blomqvistplantskola.com\/?post_type=product&#038;p=7275"},"modified":"2026-04-17T07:40:20","modified_gmt":"2026-04-17T05:40:20","slug":"humlehumulus-lupulus-hersbrucker","status":"publish","type":"product","link":"https:\/\/www3.blomqvistplantskola.com\/fi\/product\/humlehumulus-lupulus-hersbrucker\/","title":{"rendered":"<b>Humala<\/b><br>Humulus lupulus `Herbsbrucker\u00b4"},"content":{"rendered":"<p>Taimi 2 litran ruukussa.<\/p>","protected":false},"excerpt":{"rendered":"<p><span style=\"font-family: Arial, serif;\"><span style=\"font-size: medium;\"><span style=\"font-family: arial, helvetica, sans-serif;\">Eritt\u00e4in kest\u00e4v\u00e4 saksalainen humalalajike, jolla keskisuuret- suuret k\u00e4vyt. Ehk\u00e4 kaikkein k\u00e4ytetyin lajike lagereissa, pilsnereiss\u00e4 ja tuomassa hiukkasen kitkeryytt\u00e4. Voimakas tuoksu, kukkii hyvin, melko makea, mukana rahtunen mintun aromia. Alhainen alfa luku.<\/span>Voidaan tietenkin k\u00e4ytt\u00e4\u00e4 my\u00f6s aivan tavallisena, talvella lakastuvana k\u00f6ynn\u00f6skasvina, joka ei ylemmill\u00e4 vy\u00f6hykkeill\u00e4 ehdi kypsytt\u00e4\u00e4 satoa.<\/span><\/span><\/p>\n<p><strong>Vy\u00f6hyke: <\/strong>FI 1-5. SE 1-5\/6.<br \/>\n<strong>Korkeus: <\/strong>5 &#8211; 8 m<\/p>\n<p>&nbsp;<\/p>\n<p><span style=\"font-family: Arial, serif;\"><span style=\"font-size: medium;\">\u00a0<\/span><\/span><\/p>","protected":false},"featured_media":7272,"template":"","meta":[],"product_brand":[],"product_cat":[249],"product_tag":[],"class_list":{"0":"post-7275","1":"product","2":"type-product","3":"status-publish","4":"has-post-thumbnail","6":"product_cat-koksvaxter","7":"product_shipping_class-postpaket","9":"first","10":"outofstock","11":"taxable","12":"shipping-taxable","13":"purchasable","14":"product-type-simple"},"_links":{"self":[{"href":"https:\/\/www3.blomqvistplantskola.com\/fi\/wp-json\/wp\/v2\/product\/7275","targetHints":{"allow":["GET"]}}],"collection":[{"href":"https:\/\/www3.blomqvistplantskola.com\/fi\/wp-json\/wp\/v2\/product"}],"about":[{"href":"https:\/\/www3.blomqvistplantskola.com\/fi\/wp-json\/wp\/v2\/types\/product"}],"wp:featuredmedia":[{"embeddable":true,"href":"https:\/\/www3.blomqvistplantskola.com\/fi\/wp-json\/wp\/v2\/media\/7272"}],"wp:attachment":[{"href":"https:\/\/www3.blomqvistplantskola.com\/fi\/wp-json\/wp\/v2\/media?parent=7275"}],"wp:term":[{"taxonomy":"product_brand","embeddable":true,"href":"https:\/\/www3.blomqvistplantskola.com\/fi\/wp-json\/wp\/v2\/product_brand?post=7275"},{"taxonomy":"product_cat","embeddable":true,"href":"https:\/\/www3.blomqvistplantskola.com\/fi\/wp-json\/wp\/v2\/product_cat?post=7275"},{"taxonomy":"product_tag","embeddable":true,"href":"https:\/\/www3.blomqvistplantskola.com\/fi\/wp-json\/wp\/v2\/product_tag?post=7275"}],"curies":[{"name":"wp","href":"https:\/\/api.w.org\/{rel}","templated":true}]}}