{"id":7280,"date":"2026-03-13T14:15:01","date_gmt":"2026-03-13T12:15:01","guid":{"rendered":"https:\/\/www3.blomqvistplantskola.com\/?post_type=product&#038;p=7280"},"modified":"2026-04-14T10:43:00","modified_gmt":"2026-04-14T08:43:00","slug":"humlehumulus-lupulus-target","status":"publish","type":"product","link":"https:\/\/www3.blomqvistplantskola.com\/fi\/product\/humlehumulus-lupulus-target\/","title":{"rendered":"<b>Humala<\/b><br>Humulus lupulus `Target\u00b4"},"content":{"rendered":"<p>Taimi 2 litran ruukussa.<\/p>","protected":false},"excerpt":{"rendered":"<div class=\"css-8yti4n e18roaja0\">\n<div class=\"css-14c32m7 e1iers040\"><\/div>\n<\/div>\n<div class=\"css-mr7xhc e1iers040\">\n<p><span style=\"font-family: arial, helvetica, sans-serif;\">Englantilainen lajike, joka on toisen sukupolven risteytys humalalajikkeista Northern Brewer (Nordbrau) ja  Eastwell Goldings. *** <span style=\"font-size: medium;\">Voidaan luonnollisestikin k\u00e4ytt\u00e4\u00e4 my\u00f6s aivan tavallisena, talvella lakastuvana k\u00f6ynn\u00f6skasvina, joka ei ylemmill\u00e4 vy\u00f6hykkeill\u00e4 ehdi kypsytt\u00e4\u00e4 satoa.<\/span><\/span><\/p>\n<\/div>\n<p><strong>Vy\u00f6hyke: <\/strong>FI 1-4\/5. SE 1-5\/6.<br \/>\n<strong>Korkeus: <\/strong>5 &#8211; 7 m<\/p>\n<p>&nbsp;<\/p>\n<p><span style=\"font-family: Arial, serif;\"><span style=\"font-size: medium;\">\u00a0<\/span><\/span><\/p>","protected":false},"featured_media":7281,"template":"","meta":[],"product_brand":[],"product_cat":[249],"product_tag":[],"class_list":{"0":"post-7280","1":"product","2":"type-product","3":"status-publish","4":"has-post-thumbnail","6":"product_cat-koksvaxter","7":"product_shipping_class-postpaket","9":"first","10":"instock","11":"taxable","12":"shipping-taxable","13":"purchasable","14":"product-type-simple"},"_links":{"self":[{"href":"https:\/\/www3.blomqvistplantskola.com\/fi\/wp-json\/wp\/v2\/product\/7280","targetHints":{"allow":["GET"]}}],"collection":[{"href":"https:\/\/www3.blomqvistplantskola.com\/fi\/wp-json\/wp\/v2\/product"}],"about":[{"href":"https:\/\/www3.blomqvistplantskola.com\/fi\/wp-json\/wp\/v2\/types\/product"}],"wp:featuredmedia":[{"embeddable":true,"href":"https:\/\/www3.blomqvistplantskola.com\/fi\/wp-json\/wp\/v2\/media\/7281"}],"wp:attachment":[{"href":"https:\/\/www3.blomqvistplantskola.com\/fi\/wp-json\/wp\/v2\/media?parent=7280"}],"wp:term":[{"taxonomy":"product_brand","embeddable":true,"href":"https:\/\/www3.blomqvistplantskola.com\/fi\/wp-json\/wp\/v2\/product_brand?post=7280"},{"taxonomy":"product_cat","embeddable":true,"href":"https:\/\/www3.blomqvistplantskola.com\/fi\/wp-json\/wp\/v2\/product_cat?post=7280"},{"taxonomy":"product_tag","embeddable":true,"href":"https:\/\/www3.blomqvistplantskola.com\/fi\/wp-json\/wp\/v2\/product_tag?post=7280"}],"curies":[{"name":"wp","href":"https:\/\/api.w.org\/{rel}","templated":true}]}}