{"id":7288,"date":"2026-03-13T14:23:54","date_gmt":"2026-03-13T12:23:54","guid":{"rendered":"https:\/\/www3.blomqvistplantskola.com\/?post_type=product&#038;p=7288"},"modified":"2026-04-16T13:30:00","modified_gmt":"2026-04-16T11:30:00","slug":"blaregnwisteria-macrostachya-w-frutescens-blue-moon","status":"publish","type":"product","link":"https:\/\/www3.blomqvistplantskola.com\/fi\/product\/blaregnwisteria-macrostachya-w-frutescens-blue-moon\/","title":{"rendered":"<b>Sinisade<\/b><br>Wisteria macrostachya (W. frutescens) `Blue Moon\u00b4"},"content":{"rendered":"<p>Taimi 2 litran ruukussa.<\/p>","protected":false},"excerpt":{"rendered":"<p>Luultavasti kest\u00e4vin sinisade. K\u00f6ynn\u00f6skasvi \u2019Blue Moon\u2019 saa kukkansa samaan aikaan kuin lehdet puhkeavat. Upeat laventelinsiniset, roikkuvat kukkatertut ilmestyv\u00e4t toukokuussa\/kes\u00e4kuun alussa. T\u00e4m\u00e4 lajike voi kukkia uudelleen loppukes\u00e4st\u00e4 ja syksyll\u00e4.  Kasvi kasvaa kuin liaani tuen ymp\u00e4ri kiiveten valoa kohti.Tarvitsee aurinkoisen ja l\u00e4mpim\u00e4n paikan. Kukkii jo nuorena kasvina verrattuna muihin sinisateisiin. Lehtiin muoodtuu kaunis, keltainen syysv\u00e4ri.Tulee talvisuojata, mik\u00e4li suojaava lumipeite puuttuu sek\u00e4 ylemmill\u00e4 vy\u00f6hykkeill\u00e4. Ankarammassa ilmastossa voidaan kasvattaa ruukussa. Kysytty!<\/p>\n<p><strong>Vy\u00f6hyke: <\/strong>FI 1-3. SE 1-4\/5.<br \/>\n<strong>Korkeus: <\/strong>3 &#8211; 5 m<\/p>\n<p>&nbsp;<\/p>\n<p><span style=\"font-family: Arial, serif;\"><span style=\"font-size: medium;\">\u00a0<\/span><\/span><\/p>","protected":false},"featured_media":7616,"template":"","meta":[],"product_brand":[],"product_cat":[253],"product_tag":[],"class_list":{"0":"post-7288","1":"product","2":"type-product","3":"status-publish","4":"has-post-thumbnail","6":"product_cat-prydnadsbuskar","7":"product_shipping_class-postpaket","9":"first","10":"instock","11":"taxable","12":"shipping-taxable","13":"purchasable","14":"product-type-simple"},"_links":{"self":[{"href":"https:\/\/www3.blomqvistplantskola.com\/fi\/wp-json\/wp\/v2\/product\/7288","targetHints":{"allow":["GET"]}}],"collection":[{"href":"https:\/\/www3.blomqvistplantskola.com\/fi\/wp-json\/wp\/v2\/product"}],"about":[{"href":"https:\/\/www3.blomqvistplantskola.com\/fi\/wp-json\/wp\/v2\/types\/product"}],"wp:featuredmedia":[{"embeddable":true,"href":"https:\/\/www3.blomqvistplantskola.com\/fi\/wp-json\/wp\/v2\/media\/7616"}],"wp:attachment":[{"href":"https:\/\/www3.blomqvistplantskola.com\/fi\/wp-json\/wp\/v2\/media?parent=7288"}],"wp:term":[{"taxonomy":"product_brand","embeddable":true,"href":"https:\/\/www3.blomqvistplantskola.com\/fi\/wp-json\/wp\/v2\/product_brand?post=7288"},{"taxonomy":"product_cat","embeddable":true,"href":"https:\/\/www3.blomqvistplantskola.com\/fi\/wp-json\/wp\/v2\/product_cat?post=7288"},{"taxonomy":"product_tag","embeddable":true,"href":"https:\/\/www3.blomqvistplantskola.com\/fi\/wp-json\/wp\/v2\/product_tag?post=7288"}],"curies":[{"name":"wp","href":"https:\/\/api.w.org\/{rel}","templated":true}]}}