{"id":7290,"date":"2026-03-13T14:23:54","date_gmt":"2026-03-13T12:23:54","guid":{"rendered":"https:\/\/www3.blomqvistplantskola.com\/?post_type=product&#038;p=7290"},"modified":"2026-04-15T03:10:09","modified_gmt":"2026-04-15T01:10:09","slug":"adelsyrensyringa-vulgaris-beauty-of-moscow","status":"publish","type":"product","link":"https:\/\/www3.blomqvistplantskola.com\/fi\/product\/adelsyrensyringa-vulgaris-beauty-of-moscow\/","title":{"rendered":"<b>Jalosyreeni<\/b><br>Syringa vulgaris `Beauty of Moscow\u00b4"},"content":{"rendered":"<p>Taimi 2 litran ruukussa.<\/p>","protected":false},"excerpt":{"rendered":"<p>Aivan ihastuttava kaksiv\u00e4rinen syreeni, jolla suuret, kerrotut kukat. Lilanroosat nuput, joiden v\u00e4ri vaihtuu avautuessaan valkoiseen. Monet pit\u00e4v\u00e4t kauneimpana syreenin\u00e4. Jos sinulla on suojaisa, aurinkoinen paikka ja ravinnerikas, l\u00e4p\u00e4isev\u00e4, multava maa, on t\u00e4m\u00e4 lajike, joka viihtyy ja antaa ihanan tuoksun.<\/p>\n<p><strong>Vy\u00f6hyke: <\/strong>FI 1-3\/4. SE 1-5.<br \/>\n<strong>Korkeus: <\/strong>3 &#8211; 4 m<\/p>\n<p>&nbsp;<\/p>\n<p><span style=\"font-family: Arial, serif;\"><span style=\"font-size: medium;\">\u00a0<\/span><\/span><\/p>","protected":false},"featured_media":7313,"template":"","meta":[],"product_brand":[],"product_cat":[253],"product_tag":[],"class_list":{"0":"post-7290","1":"product","2":"type-product","3":"status-publish","4":"has-post-thumbnail","6":"product_cat-prydnadsbuskar","7":"product_shipping_class-postpaket","9":"first","10":"instock","11":"taxable","12":"shipping-taxable","13":"purchasable","14":"product-type-simple"},"_links":{"self":[{"href":"https:\/\/www3.blomqvistplantskola.com\/fi\/wp-json\/wp\/v2\/product\/7290","targetHints":{"allow":["GET"]}}],"collection":[{"href":"https:\/\/www3.blomqvistplantskola.com\/fi\/wp-json\/wp\/v2\/product"}],"about":[{"href":"https:\/\/www3.blomqvistplantskola.com\/fi\/wp-json\/wp\/v2\/types\/product"}],"wp:featuredmedia":[{"embeddable":true,"href":"https:\/\/www3.blomqvistplantskola.com\/fi\/wp-json\/wp\/v2\/media\/7313"}],"wp:attachment":[{"href":"https:\/\/www3.blomqvistplantskola.com\/fi\/wp-json\/wp\/v2\/media?parent=7290"}],"wp:term":[{"taxonomy":"product_brand","embeddable":true,"href":"https:\/\/www3.blomqvistplantskola.com\/fi\/wp-json\/wp\/v2\/product_brand?post=7290"},{"taxonomy":"product_cat","embeddable":true,"href":"https:\/\/www3.blomqvistplantskola.com\/fi\/wp-json\/wp\/v2\/product_cat?post=7290"},{"taxonomy":"product_tag","embeddable":true,"href":"https:\/\/www3.blomqvistplantskola.com\/fi\/wp-json\/wp\/v2\/product_tag?post=7290"}],"curies":[{"name":"wp","href":"https:\/\/api.w.org\/{rel}","templated":true}]}}