{"id":7291,"date":"2026-03-13T14:23:55","date_gmt":"2026-03-13T12:23:55","guid":{"rendered":"https:\/\/www3.blomqvistplantskola.com\/?post_type=product&#038;p=7291"},"modified":"2026-04-18T16:25:49","modified_gmt":"2026-04-18T14:25:49","slug":"dvargsyren-sammetssyrensyringa-patula-miss-kim","status":"publish","type":"product","link":"https:\/\/www3.blomqvistplantskola.com\/fi\/product\/dvargsyren-sammetssyrensyringa-patula-miss-kim\/","title":{"rendered":"<b>K\u00e4\u00e4pi\u00f6syreeni, samettisyreeni<\/b><br>Syringa patula `Miss Kim\u00b4"},"content":{"rendered":"<p>Taimi 2 litran ruukussa.<\/p>","protected":false},"excerpt":{"rendered":"<p>Eritt\u00e4in kaunis, keskikokoinen syreeni, jolla on py\u00f6re\u00e4 kasvutapa. Purppuranvioletit, tuoksuvat kukat suurissa tertuissa kes\u00e4\/hein\u00e4kuun aikana. Uskomattoman kaunis viininpunainen syysv\u00e4ri! Kaunis, kompakti syreeni, joka soveltuu istutettavaksi yksin\u00e4\u00e4n (jopa rungolliseksi leikattuna), pensaikkoon tai vapaasti kasvavaksi aidanteeksi. Mainio my\u00f6s pienempiin pihoihin.<\/p>\n<p><strong>Vy\u00f6hyke: <\/strong>FI 1-3(4). SE 1-5.<br \/>\n<strong>Korkeus: <\/strong>1,5 &#8211; 2 m<\/p>\n<p>&nbsp;<\/p>\n<p><span style=\"font-family: Arial, serif;\"><span style=\"font-size: medium;\">\u00a0<\/span><\/span><\/p>","protected":false},"featured_media":7613,"template":"","meta":[],"product_brand":[],"product_cat":[253],"product_tag":[],"class_list":{"0":"post-7291","1":"product","2":"type-product","3":"status-publish","4":"has-post-thumbnail","6":"product_cat-prydnadsbuskar","7":"product_shipping_class-postpaket","9":"first","10":"instock","11":"taxable","12":"shipping-taxable","13":"purchasable","14":"product-type-simple"},"_links":{"self":[{"href":"https:\/\/www3.blomqvistplantskola.com\/fi\/wp-json\/wp\/v2\/product\/7291","targetHints":{"allow":["GET"]}}],"collection":[{"href":"https:\/\/www3.blomqvistplantskola.com\/fi\/wp-json\/wp\/v2\/product"}],"about":[{"href":"https:\/\/www3.blomqvistplantskola.com\/fi\/wp-json\/wp\/v2\/types\/product"}],"wp:featuredmedia":[{"embeddable":true,"href":"https:\/\/www3.blomqvistplantskola.com\/fi\/wp-json\/wp\/v2\/media\/7613"}],"wp:attachment":[{"href":"https:\/\/www3.blomqvistplantskola.com\/fi\/wp-json\/wp\/v2\/media?parent=7291"}],"wp:term":[{"taxonomy":"product_brand","embeddable":true,"href":"https:\/\/www3.blomqvistplantskola.com\/fi\/wp-json\/wp\/v2\/product_brand?post=7291"},{"taxonomy":"product_cat","embeddable":true,"href":"https:\/\/www3.blomqvistplantskola.com\/fi\/wp-json\/wp\/v2\/product_cat?post=7291"},{"taxonomy":"product_tag","embeddable":true,"href":"https:\/\/www3.blomqvistplantskola.com\/fi\/wp-json\/wp\/v2\/product_tag?post=7291"}],"curies":[{"name":"wp","href":"https:\/\/api.w.org\/{rel}","templated":true}]}}