{"id":7348,"date":"2026-03-13T12:13:25","date_gmt":"2026-03-13T10:13:25","guid":{"rendered":"https:\/\/www3.blomqvistplantskola.com\/?post_type=product&#038;p=7348"},"modified":"2026-05-02T11:50:15","modified_gmt":"2026-05-02T09:50:15","slug":"hallon-5-st-rubus-idaeus-muskoka","status":"publish","type":"product","link":"https:\/\/www3.blomqvistplantskola.com\/fi\/product\/hallon-5-st-rubus-idaeus-muskoka\/","title":{"rendered":"<b>PUUTARHAVADELMA, 2 KPL <\/b><br>Rubus idaeus `Muskoka\u00b4"},"content":{"rendered":"<p>2kpl kevyttaimia 9 cm:n ruukussa.<\/p>","protected":false},"excerpt":{"rendered":"<p>Eritt\u00e4in suosittu, runsasmarjainen kanadalainen vadelmalajike, jota on pitk\u00e4\u00e4n k\u00e4ytetty tuotantoviljelmill\u00e4 ja kotipuutarhoissa jopa kauempana pohjoisessa.. Marjat ovat kiinteit\u00e4, kauniin py\u00f6reit\u00e4 ja v\u00e4rilt\u00e4\u00e4n syv\u00e4npunaisia. Hyvill\u00e4 keleill\u00e4 mausta tulee erityisen makea ja aromikas. Tekee runsaasti juuriversoja, suhteellisen terve. Sopii sek\u00e4 tuoreena sy\u00f6t\u00e4v\u00e4ksi herkkumarjaksi ett\u00e4 pakastemarjaksi. Taimikoko 50 cm.<\/p>\n<p><strong>Vy\u00f6hyke: <\/strong>FI 1-5. SE 1-6.<br \/>\n<strong>Korkeus:<\/strong> 2-2,5 m<\/p>","protected":false},"featured_media":4405,"template":"","meta":[],"product_brand":[],"product_cat":[248,312],"product_tag":[],"class_list":{"0":"post-7348","1":"product","2":"type-product","3":"status-publish","4":"has-post-thumbnail","6":"product_cat-barvaxter","7":"product_cat-paketerbjudanden","8":"product_shipping_class-postpaket","10":"first","11":"instock","12":"sale","13":"taxable","14":"shipping-taxable","15":"purchasable","16":"product-type-simple"},"_links":{"self":[{"href":"https:\/\/www3.blomqvistplantskola.com\/fi\/wp-json\/wp\/v2\/product\/7348","targetHints":{"allow":["GET"]}}],"collection":[{"href":"https:\/\/www3.blomqvistplantskola.com\/fi\/wp-json\/wp\/v2\/product"}],"about":[{"href":"https:\/\/www3.blomqvistplantskola.com\/fi\/wp-json\/wp\/v2\/types\/product"}],"wp:featuredmedia":[{"embeddable":true,"href":"https:\/\/www3.blomqvistplantskola.com\/fi\/wp-json\/wp\/v2\/media\/4405"}],"wp:attachment":[{"href":"https:\/\/www3.blomqvistplantskola.com\/fi\/wp-json\/wp\/v2\/media?parent=7348"}],"wp:term":[{"taxonomy":"product_brand","embeddable":true,"href":"https:\/\/www3.blomqvistplantskola.com\/fi\/wp-json\/wp\/v2\/product_brand?post=7348"},{"taxonomy":"product_cat","embeddable":true,"href":"https:\/\/www3.blomqvistplantskola.com\/fi\/wp-json\/wp\/v2\/product_cat?post=7348"},{"taxonomy":"product_tag","embeddable":true,"href":"https:\/\/www3.blomqvistplantskola.com\/fi\/wp-json\/wp\/v2\/product_tag?post=7348"}],"curies":[{"name":"wp","href":"https:\/\/api.w.org\/{rel}","templated":true}]}}