{"id":7368,"date":"2024-04-05T13:07:30","date_gmt":"2024-04-05T11:07:30","guid":{"rendered":"https:\/\/www3.blomqvistplantskola.com\/?post_type=product&#038;p=7368"},"modified":"2025-09-23T07:26:06","modified_gmt":"2025-09-23T05:26:06","slug":"paron-grundstam-25-st-7-9mmpyrus-communis","status":"publish","type":"product","link":"https:\/\/www3.blomqvistplantskola.com\/fi\/product\/paron-grundstam-25-st-7-9mmpyrus-communis\/","title":{"rendered":"<b>P\u00e4\u00e4ryn\u00e4 perusrunko 25kpl (8-10 mm)<\/b><br>Pyrus communis `Kirchensaller\u00b4"},"content":{"rendered":"<p>Kaikki perusrunkomme ovat sertifioituja ja taatusti vapaita Erwiniasta (Tulipolte).<br \/>\nPakkauksessa 25 kpl.<\/p>\n<p>M\u00e4\u00e4r\u00e4t yli 200 kpl tarjousten mukaan.<\/p>\n<p>&nbsp;<\/p>","protected":false},"excerpt":{"rendered":"<p>- Voimakaskasvuinen perusrunko<br \/>\n- Puu, joka voi tuottaa n. 3 vuoden kuluttua istuttamisesta, riippuen lajikkeesta.<br \/>\n- Juuristolla on hyv\u00e4 kontakti maahan<br \/>\n- Tavallisesti satoik\u00e4isyys hiukan my\u00f6hemmin, riippuen lajikkeesta ja paikasta<br \/>\n- L\u00e4pimitta 3,5-5 m riippuen lajikkeesta ja kasvupaikasta<br \/>\n-FI zon 1-5. SE zon 1-6.<\/p>","protected":false},"featured_media":0,"template":"","meta":[],"product_brand":[],"product_cat":[250],"product_tag":[],"class_list":{"0":"post-7368","1":"product","2":"type-product","3":"status-publish","5":"product_cat-grundstammar","6":"product_shipping_class-postpaket","8":"first","9":"outofstock","10":"taxable","11":"shipping-taxable","12":"purchasable","13":"product-type-simple"},"_links":{"self":[{"href":"https:\/\/www3.blomqvistplantskola.com\/fi\/wp-json\/wp\/v2\/product\/7368","targetHints":{"allow":["GET"]}}],"collection":[{"href":"https:\/\/www3.blomqvistplantskola.com\/fi\/wp-json\/wp\/v2\/product"}],"about":[{"href":"https:\/\/www3.blomqvistplantskola.com\/fi\/wp-json\/wp\/v2\/types\/product"}],"wp:attachment":[{"href":"https:\/\/www3.blomqvistplantskola.com\/fi\/wp-json\/wp\/v2\/media?parent=7368"}],"wp:term":[{"taxonomy":"product_brand","embeddable":true,"href":"https:\/\/www3.blomqvistplantskola.com\/fi\/wp-json\/wp\/v2\/product_brand?post=7368"},{"taxonomy":"product_cat","embeddable":true,"href":"https:\/\/www3.blomqvistplantskola.com\/fi\/wp-json\/wp\/v2\/product_cat?post=7368"},{"taxonomy":"product_tag","embeddable":true,"href":"https:\/\/www3.blomqvistplantskola.com\/fi\/wp-json\/wp\/v2\/product_tag?post=7368"}],"curies":[{"name":"wp","href":"https:\/\/api.w.org\/{rel}","templated":true}]}}