{"id":7704,"date":"2026-03-13T14:10:59","date_gmt":"2026-03-13T12:10:59","guid":{"rendered":"https:\/\/www3.blomqvistplantskola.com\/?post_type=product&#038;p=7704"},"modified":"2026-04-22T06:35:33","modified_gmt":"2026-04-22T04:35:33","slug":"koreansk-silverbuskeeleagnus-umbellata-fortunella","status":"publish","type":"product","link":"https:\/\/www3.blomqvistplantskola.com\/fi\/product\/koreansk-silverbuskeeleagnus-umbellata-fortunella\/","title":{"rendered":"<b>Sarjahopeapensas<\/b><br>Eleagnus umbellata `Fortunella\u00b4"},"content":{"rendered":"<p>Suuri taimi 2 litran ruukussa.<\/p>","protected":false},"excerpt":{"rendered":"<p><span style=\"font-family: arial, helvetica, sans-serif;\">Pensas, jolla kauniin hopeanhohtoiset lehdet ja my\u00f6h\u00e4issyksyll\u00e4 suuria terttuja kermankeltaisia marjoja. Kukkii aikaisin valkoisin tuoksuvin kukin. Marjojen tulee olla kunnolla kypsi\u00e4, ennen k\u00e4ytt\u00f6\u00e4. Vitamiinipitoiset, sopivan makeat ja happamat, marjat ovat eritt\u00e4in hyvi\u00e4 tuoreena, mutta soveltuvat my\u00f6s leivontaan, kuivatukseen ja hilloihin. Ei ole itsep\u00f6lyttyv\u00e4, ristip\u00f6lytyst\u00e4 on tarpeellinen sadon saamiseksi. Kaipaa aurinkoisen paikan viihty\u00e4kseen. Vaatii viihty\u00e4kseen aurinkoisen paikan.<\/span><\/p>\n<p><strong>Vy\u00f6hyke: <\/strong>FI 1-2(3). SE 1-3\/4.<br \/>\n<strong>Korkeus: <\/strong>2-3 m<\/p>\n<p>&nbsp;<\/p>\n<p><span style=\"font-family: Arial, serif;\"><span style=\"font-size: medium;\">\u00a0<\/span><\/span><\/p>","protected":false},"featured_media":7705,"template":"","meta":[],"product_brand":[],"product_cat":[248],"product_tag":[],"class_list":{"0":"post-7704","1":"product","2":"type-product","3":"status-publish","4":"has-post-thumbnail","6":"product_cat-barvaxter","7":"product_shipping_class-postpaket","9":"first","10":"outofstock","11":"taxable","12":"shipping-taxable","13":"purchasable","14":"product-type-simple"},"_links":{"self":[{"href":"https:\/\/www3.blomqvistplantskola.com\/fi\/wp-json\/wp\/v2\/product\/7704","targetHints":{"allow":["GET"]}}],"collection":[{"href":"https:\/\/www3.blomqvistplantskola.com\/fi\/wp-json\/wp\/v2\/product"}],"about":[{"href":"https:\/\/www3.blomqvistplantskola.com\/fi\/wp-json\/wp\/v2\/types\/product"}],"wp:featuredmedia":[{"embeddable":true,"href":"https:\/\/www3.blomqvistplantskola.com\/fi\/wp-json\/wp\/v2\/media\/7705"}],"wp:attachment":[{"href":"https:\/\/www3.blomqvistplantskola.com\/fi\/wp-json\/wp\/v2\/media?parent=7704"}],"wp:term":[{"taxonomy":"product_brand","embeddable":true,"href":"https:\/\/www3.blomqvistplantskola.com\/fi\/wp-json\/wp\/v2\/product_brand?post=7704"},{"taxonomy":"product_cat","embeddable":true,"href":"https:\/\/www3.blomqvistplantskola.com\/fi\/wp-json\/wp\/v2\/product_cat?post=7704"},{"taxonomy":"product_tag","embeddable":true,"href":"https:\/\/www3.blomqvistplantskola.com\/fi\/wp-json\/wp\/v2\/product_tag?post=7704"}],"curies":[{"name":"wp","href":"https:\/\/api.w.org\/{rel}","templated":true}]}}