{"id":7726,"date":"2026-03-13T14:23:55","date_gmt":"2026-03-13T12:23:55","guid":{"rendered":"https:\/\/www3.blomqvistplantskola.com\/?post_type=product&#038;p=7726"},"modified":"2026-04-20T07:29:28","modified_gmt":"2026-04-20T05:29:28","slug":"svartplommonprunus-cistena","status":"publish","type":"product","link":"https:\/\/www3.blomqvistplantskola.com\/fi\/product\/svartplommonprunus-cistena\/","title":{"rendered":"<b>Mustaluumu<\/b><br>Prunus cistena"},"content":{"rendered":"<p>Taimi 2 litran ruukussa.<\/p>","protected":false},"excerpt":{"rendered":"<p>Omajuurinen pensas, jolla koristeelliset, kiilt\u00e4v\u00e4t lehdet ja upea kukinta. Korvaaja koristekirsikalle kylmemmiss\u00e4 ilmastoissa?<br \/>\nKev\u00e4\u00e4ll\u00e4 lehdet puhkeavat vihre\u00e4roosan s\u00e4vyiss\u00e4, muuttuen my\u00f6hemmin tumman ruskeanpunaisiksi. Kukkii runsaasti toukokuussa valkoroosan v\u00e4risin kukin, jotka vaalenevat v\u00e4hitellen valkoisiksi. Kukkien keskiosa on herkullisen purppuranv\u00e4rinen, joka luo kauniin kontrastin valkoroosan v\u00e4risille kukille. Kukat houkuttelevat p\u00f6lytt\u00e4ji\u00e4. Muodostaa pieni\u00e4, tumman purppuranpunaisia hedelmi\u00e4, jotka ovat sy\u00f6t\u00e4vi\u00e4, mutta eiv\u00e4t hyv\u00e4nmakuisia.<\/p>\n<p><strong>Vy\u00f6hyke: <\/strong>FI 1-3\/4. SE 1-5.<br \/>\n<strong>Korkeus: <\/strong>1,5-2 m<\/p>\n<p>&nbsp;<\/p>\n<p><span style=\"font-family: Arial, serif;\"><span style=\"font-size: medium;\">\u00a0<\/span><\/span><\/p>","protected":false},"featured_media":8497,"template":"","meta":[],"product_brand":[],"product_cat":[253],"product_tag":[],"class_list":{"0":"post-7726","1":"product","2":"type-product","3":"status-publish","4":"has-post-thumbnail","6":"product_cat-prydnadsbuskar","7":"product_shipping_class-postpaket","9":"first","10":"instock","11":"taxable","12":"shipping-taxable","13":"purchasable","14":"product-type-simple"},"_links":{"self":[{"href":"https:\/\/www3.blomqvistplantskola.com\/fi\/wp-json\/wp\/v2\/product\/7726","targetHints":{"allow":["GET"]}}],"collection":[{"href":"https:\/\/www3.blomqvistplantskola.com\/fi\/wp-json\/wp\/v2\/product"}],"about":[{"href":"https:\/\/www3.blomqvistplantskola.com\/fi\/wp-json\/wp\/v2\/types\/product"}],"wp:featuredmedia":[{"embeddable":true,"href":"https:\/\/www3.blomqvistplantskola.com\/fi\/wp-json\/wp\/v2\/media\/8497"}],"wp:attachment":[{"href":"https:\/\/www3.blomqvistplantskola.com\/fi\/wp-json\/wp\/v2\/media?parent=7726"}],"wp:term":[{"taxonomy":"product_brand","embeddable":true,"href":"https:\/\/www3.blomqvistplantskola.com\/fi\/wp-json\/wp\/v2\/product_brand?post=7726"},{"taxonomy":"product_cat","embeddable":true,"href":"https:\/\/www3.blomqvistplantskola.com\/fi\/wp-json\/wp\/v2\/product_cat?post=7726"},{"taxonomy":"product_tag","embeddable":true,"href":"https:\/\/www3.blomqvistplantskola.com\/fi\/wp-json\/wp\/v2\/product_tag?post=7726"}],"curies":[{"name":"wp","href":"https:\/\/api.w.org\/{rel}","templated":true}]}}