{"id":7729,"date":"2026-03-13T14:10:59","date_gmt":"2026-03-13T12:10:59","guid":{"rendered":"https:\/\/www3.blomqvistplantskola.com\/?post_type=product&#038;p=7729"},"modified":"2026-04-14T21:20:10","modified_gmt":"2026-04-14T19:20:10","slug":"bararonia-aronia-prunifolia-viking","status":"publish","type":"product","link":"https:\/\/www3.blomqvistplantskola.com\/fi\/product\/bararonia-aronia-prunifolia-viking\/","title":{"rendered":"<b>Marja-aronia <\/b><br>Aronia prunifolia `Viking\u00b4"},"content":{"rendered":"<p>Taimi 2 litran ruukussa.<\/p>","protected":false},"excerpt":{"rendered":"<p>Vanha lajike, joka on kotoisin silloisesta Neuvostoliitosta.Pensaasta tulee n. 1,5 - 2m korkea ja yht\u00e4 leve\u00e4. Valkoiset kukat alkukes\u00e4st\u00e4. Kes\u00e4ll\u00e4 kiilt\u00e4v\u00e4t, tummanvihre\u00e4t lehdet saavat aikanaan upean, punaisen syysv\u00e4rin. Marjat ovat suuria, halkaisijaltaan 8-10mm. Viking soveltuu sek\u00e4 hy\u00f6ty- ett\u00e4 koristepensaaksi. Pensaasta saa runsaasti mustia, vitamiinipitoisia marjoja, jotka sis\u00e4lt\u00e4v\u00e4t C-, A-, E-, B- ja P-vitamiinia. Eritt\u00e4in talvenkest\u00e4v\u00e4 ja helppohoitoinen.<\/p>\n<p><strong>Vy\u00f6hyke: <\/strong>FI 1-5. SE 1-6.<br \/>\n<strong>Korkeus:<\/strong> 1,5-2 m<\/p>","protected":false},"featured_media":7730,"template":"","meta":[],"product_brand":[],"product_cat":[248],"product_tag":[],"class_list":{"0":"post-7729","1":"product","2":"type-product","3":"status-publish","4":"has-post-thumbnail","6":"product_cat-barvaxter","7":"product_shipping_class-postpaket","9":"first","10":"instock","11":"taxable","12":"shipping-taxable","13":"purchasable","14":"product-type-simple"},"_links":{"self":[{"href":"https:\/\/www3.blomqvistplantskola.com\/fi\/wp-json\/wp\/v2\/product\/7729","targetHints":{"allow":["GET"]}}],"collection":[{"href":"https:\/\/www3.blomqvistplantskola.com\/fi\/wp-json\/wp\/v2\/product"}],"about":[{"href":"https:\/\/www3.blomqvistplantskola.com\/fi\/wp-json\/wp\/v2\/types\/product"}],"wp:featuredmedia":[{"embeddable":true,"href":"https:\/\/www3.blomqvistplantskola.com\/fi\/wp-json\/wp\/v2\/media\/7730"}],"wp:attachment":[{"href":"https:\/\/www3.blomqvistplantskola.com\/fi\/wp-json\/wp\/v2\/media?parent=7729"}],"wp:term":[{"taxonomy":"product_brand","embeddable":true,"href":"https:\/\/www3.blomqvistplantskola.com\/fi\/wp-json\/wp\/v2\/product_brand?post=7729"},{"taxonomy":"product_cat","embeddable":true,"href":"https:\/\/www3.blomqvistplantskola.com\/fi\/wp-json\/wp\/v2\/product_cat?post=7729"},{"taxonomy":"product_tag","embeddable":true,"href":"https:\/\/www3.blomqvistplantskola.com\/fi\/wp-json\/wp\/v2\/product_tag?post=7729"}],"curies":[{"name":"wp","href":"https:\/\/api.w.org\/{rel}","templated":true}]}}