{"id":7731,"date":"2026-03-13T12:13:24","date_gmt":"2026-03-13T10:13:24","guid":{"rendered":"https:\/\/www3.blomqvistplantskola.com\/?post_type=product&#038;p=7731"},"modified":"2026-04-19T16:18:00","modified_gmt":"2026-04-19T14:18:00","slug":"bararonia-3-st-p9aronia-prunifolia-viking","status":"publish","type":"product","link":"https:\/\/www3.blomqvistplantskola.com\/fi\/product\/bararonia-3-st-p9aronia-prunifolia-viking\/","title":{"rendered":"<b>Marja-aronia 3 kpl, P9<\/b><br>Aronia prunifolia `Viking\u00b4"},"content":{"rendered":"<p>3 kpl haaroittunutta tainta 9 cm:n ruukussa.<\/p>","protected":false},"excerpt":{"rendered":"<p>Vanha lajike, joka on kotoisin silloisesta Neuvostoliitosta.Pensaasta tulee n. 1,5 - 2m korkea ja yht\u00e4 leve\u00e4. Valkoiset kukat alkukes\u00e4st\u00e4. Kes\u00e4ll\u00e4 kiilt\u00e4v\u00e4t, tummanvihre\u00e4t lehdet saavat aikanaan upean, punaisen syysv\u00e4rin. Marjat ovat suuria, halkaisijaltaan 8-10mm. Viking soveltuu sek\u00e4 hy\u00f6ty- ett\u00e4 koristepensaaksi. Pensaasta saa runsaasti mustia, vitamiinipitoisia marjoja, jotka sis\u00e4lt\u00e4v\u00e4t C-, A-, E-, B- ja P-vitamiinia. Ensimm\u00e4isten halla\u00f6iden j\u00e4lkeen \/ pakastuksen my\u00f6t\u00e4 katoaa suurin osa aronian kitkeryydest\u00e4.  Eritt\u00e4in talvenkest\u00e4v\u00e4 ja helppohoitoinen. Hyv\u00e4 aloituspaketti, jos tykk\u00e4\u00e4t valmistaa mehuja. Sopii hyvin yhteen esim. punaherukan ja omenan kanssa.<\/p>\n<p><strong>Vy\u00f6hyke: <\/strong>FI 1-5. SE 1-6.<br \/>\n<strong>Korkeus:<\/strong> 1,5-2 m<\/p>","protected":false},"featured_media":7730,"template":"","meta":[],"product_brand":[],"product_cat":[248,312],"product_tag":[],"class_list":{"0":"post-7731","1":"product","2":"type-product","3":"status-publish","4":"has-post-thumbnail","6":"product_cat-barvaxter","7":"product_cat-paketerbjudanden","8":"product_shipping_class-postpaket","10":"first","11":"instock","12":"sale","13":"taxable","14":"shipping-taxable","15":"purchasable","16":"product-type-simple"},"_links":{"self":[{"href":"https:\/\/www3.blomqvistplantskola.com\/fi\/wp-json\/wp\/v2\/product\/7731","targetHints":{"allow":["GET"]}}],"collection":[{"href":"https:\/\/www3.blomqvistplantskola.com\/fi\/wp-json\/wp\/v2\/product"}],"about":[{"href":"https:\/\/www3.blomqvistplantskola.com\/fi\/wp-json\/wp\/v2\/types\/product"}],"wp:featuredmedia":[{"embeddable":true,"href":"https:\/\/www3.blomqvistplantskola.com\/fi\/wp-json\/wp\/v2\/media\/7730"}],"wp:attachment":[{"href":"https:\/\/www3.blomqvistplantskola.com\/fi\/wp-json\/wp\/v2\/media?parent=7731"}],"wp:term":[{"taxonomy":"product_brand","embeddable":true,"href":"https:\/\/www3.blomqvistplantskola.com\/fi\/wp-json\/wp\/v2\/product_brand?post=7731"},{"taxonomy":"product_cat","embeddable":true,"href":"https:\/\/www3.blomqvistplantskola.com\/fi\/wp-json\/wp\/v2\/product_cat?post=7731"},{"taxonomy":"product_tag","embeddable":true,"href":"https:\/\/www3.blomqvistplantskola.com\/fi\/wp-json\/wp\/v2\/product_tag?post=7731"}],"curies":[{"name":"wp","href":"https:\/\/api.w.org\/{rel}","templated":true}]}}