{"id":7813,"date":"2026-03-13T13:46:10","date_gmt":"2026-03-13T11:46:10","guid":{"rendered":"https:\/\/www3.blomqvistplantskola.com\/?post_type=product&#038;p=7813"},"modified":"2026-03-13T13:46:10","modified_gmt":"2026-03-13T11:46:10","slug":"lantun-talvi-spomalus-domestica","status":"publish","type":"product","link":"https:\/\/www3.blomqvistplantskola.com\/fi\/product\/lantun-talvi-spomalus-domestica\/","title":{"rendered":"<b>Lantun talvi <\/b>(piiskataimi)<br>Malus domestica"},"content":{"rendered":"<p>1 -vuotias piiskataimi 4 litran ruukussa. Leikattu 70-80 cm korkeaksi.<\/p>\n<p>Mukana toimitetaan lyhyet viljelyohjeet, ja jo ensi syksyn\u00e4 sinulla on pieni hedelm\u00e4puu.<\/p>","protected":false},"excerpt":{"rendered":"<p>Erityisesti uuni- ja soseomenaksi sopiva aikainen ja terve talvilajike. Hetken varastoinnin j\u00e4lkeen my\u00f6s mainio p\u00f6yt\u00e4hedelm\u00e4. Omena on hyvin kookas, joskus jopa yli 500g, ja keltapunainen. Jalo ja miellytt\u00e4v\u00e4 maku. Puu hyv\u00e4muotoinen ja terve, antaa satoa varhain. Kasvutapa varsin erikoinen, pitk\u00e4t oksat kasvavat suoraan rungosta. Kiitos hyvien oksakulmien, puu jaksaa kantaa painavat hedelm\u00e4ns\u00e4 hyvin.<\/p>\n<p><strong>Vy\u00f6hyke: <\/strong>FI 1-4.\u00a0 SE 1-5\/6.<\/p>\n<p><strong>Tyyppi: <\/strong>Talvilajike<\/p>","protected":false},"featured_media":6035,"template":"","meta":[],"product_brand":[],"product_cat":[240],"product_tag":[],"class_list":{"0":"post-7813","1":"product","2":"type-product","3":"status-publish","4":"has-post-thumbnail","6":"product_cat-appeltrad","7":"product_shipping_class-postpaket","9":"first","10":"instock","11":"taxable","12":"shipping-taxable","13":"purchasable","14":"product-type-simple"},"_links":{"self":[{"href":"https:\/\/www3.blomqvistplantskola.com\/fi\/wp-json\/wp\/v2\/product\/7813","targetHints":{"allow":["GET"]}}],"collection":[{"href":"https:\/\/www3.blomqvistplantskola.com\/fi\/wp-json\/wp\/v2\/product"}],"about":[{"href":"https:\/\/www3.blomqvistplantskola.com\/fi\/wp-json\/wp\/v2\/types\/product"}],"wp:featuredmedia":[{"embeddable":true,"href":"https:\/\/www3.blomqvistplantskola.com\/fi\/wp-json\/wp\/v2\/media\/6035"}],"wp:attachment":[{"href":"https:\/\/www3.blomqvistplantskola.com\/fi\/wp-json\/wp\/v2\/media?parent=7813"}],"wp:term":[{"taxonomy":"product_brand","embeddable":true,"href":"https:\/\/www3.blomqvistplantskola.com\/fi\/wp-json\/wp\/v2\/product_brand?post=7813"},{"taxonomy":"product_cat","embeddable":true,"href":"https:\/\/www3.blomqvistplantskola.com\/fi\/wp-json\/wp\/v2\/product_cat?post=7813"},{"taxonomy":"product_tag","embeddable":true,"href":"https:\/\/www3.blomqvistplantskola.com\/fi\/wp-json\/wp\/v2\/product_tag?post=7813"}],"curies":[{"name":"wp","href":"https:\/\/api.w.org\/{rel}","templated":true}]}}