{"id":7816,"date":"2026-03-13T13:46:10","date_gmt":"2026-03-13T11:46:10","guid":{"rendered":"https:\/\/www3.blomqvistplantskola.com\/?post_type=product&#038;p=7816"},"modified":"2026-04-18T10:10:27","modified_gmt":"2026-04-18T08:10:27","slug":"huvitus-spomalus-domestica","status":"publish","type":"product","link":"https:\/\/www3.blomqvistplantskola.com\/fi\/product\/huvitus-spomalus-domestica\/","title":{"rendered":"<b>Huvitus <\/b>(piiskataimi)<br>Malus domestica"},"content":{"rendered":"<p>Hedelm\u00e4puun piiska-\/ kevytttaimi 4 litran taimipussissa. Piiskataimet on leikattu noin 70-80 cm korkuisiksi.<br \/>\nMukana toimitetaan lyhyet viljelyohjeet, ja jo ensi syksyn\u00e4 sinulla on pieni hedelm\u00e4puu.<\/p>","protected":false},"excerpt":{"rendered":"<p>Tunnettu suomalainen, aikainen kes\u00e4lajike vuodelta 1895. Pienet \/ keskisuurit hedelm\u00e4t, jotka tulevat auringon puolelta kirkkaanpunaisiksi ja kypsyv\u00e4t elokuun lopulla. Todella hyv\u00e4t, miedosti imel\u00e4nhappamat hedelm\u00e4t, jotka ovat l\u00e4hes valkoisia ja mehukkaita sis\u00e4lt\u00e4. Kerrassaan mainio tuorehedelm\u00e4, jota voi varastoida korkeintaan joitakin viikkoja, mutta josta saa korkealaatuista omenasosetta. Melko pieni puu, joka antaa nopeasti ensimm\u00e4isen satonsa. Raakileiden karsimista suositellaan, jotta puu jaksaa kantaa ja muodosta suurempia hedelmi\u00e4. Hyv\u00e4 p\u00f6lytt\u00e4j\u00e4, jota Suomessa k\u00e4ytet\u00e4\u00e4n ahkerasti jalostusty\u00f6ss\u00e4.<\/p>\n<p><strong>Vy\u00f6hyke: <\/strong>FI 1-4\/5.\u00a0 SE 1-5\/6.<br \/>\n<strong>Tyyppi: <\/strong>Kes\u00e4lajike<\/p>","protected":false},"featured_media":6021,"template":"","meta":[],"product_brand":[],"product_cat":[240],"product_tag":[],"class_list":{"0":"post-7816","1":"product","2":"type-product","3":"status-publish","4":"has-post-thumbnail","6":"product_cat-appeltrad","7":"product_shipping_class-postpaket","9":"first","10":"instock","11":"taxable","12":"shipping-taxable","13":"purchasable","14":"product-type-simple"},"_links":{"self":[{"href":"https:\/\/www3.blomqvistplantskola.com\/fi\/wp-json\/wp\/v2\/product\/7816","targetHints":{"allow":["GET"]}}],"collection":[{"href":"https:\/\/www3.blomqvistplantskola.com\/fi\/wp-json\/wp\/v2\/product"}],"about":[{"href":"https:\/\/www3.blomqvistplantskola.com\/fi\/wp-json\/wp\/v2\/types\/product"}],"wp:featuredmedia":[{"embeddable":true,"href":"https:\/\/www3.blomqvistplantskola.com\/fi\/wp-json\/wp\/v2\/media\/6021"}],"wp:attachment":[{"href":"https:\/\/www3.blomqvistplantskola.com\/fi\/wp-json\/wp\/v2\/media?parent=7816"}],"wp:term":[{"taxonomy":"product_brand","embeddable":true,"href":"https:\/\/www3.blomqvistplantskola.com\/fi\/wp-json\/wp\/v2\/product_brand?post=7816"},{"taxonomy":"product_cat","embeddable":true,"href":"https:\/\/www3.blomqvistplantskola.com\/fi\/wp-json\/wp\/v2\/product_cat?post=7816"},{"taxonomy":"product_tag","embeddable":true,"href":"https:\/\/www3.blomqvistplantskola.com\/fi\/wp-json\/wp\/v2\/product_tag?post=7816"}],"curies":[{"name":"wp","href":"https:\/\/api.w.org\/{rel}","templated":true}]}}