{"id":8050,"date":"2026-03-13T14:10:58","date_gmt":"2026-03-13T12:10:58","guid":{"rendered":"https:\/\/www3.blomqvistplantskola.com\/?post_type=product&#038;p=8050"},"modified":"2026-04-12T13:28:36","modified_gmt":"2026-04-12T11:28:36","slug":"blabarstry-honungsbarlonicera-caerulea-var-kamtschatica-jugana","status":"publish","type":"product","link":"https:\/\/www3.blomqvistplantskola.com\/fi\/product\/blabarstry-honungsbarlonicera-caerulea-var-kamtschatica-jugana\/","title":{"rendered":"<b>Marjasinikuusama - Hunajamarja<\/b><br>Lonicera caerulea var. kamtschatica `Jugana\u00b4"},"content":{"rendered":"<p>3-vuotias taimi 2 litran ruukussa.<\/p>","protected":false},"excerpt":{"rendered":"<p>Pitkulaisia, suippoja marjoja. Pensas melko pieni, kauniin mallinen. Juganan makeus on kaikista lajikkeista suurin, sokeripitoisuus jopa 21%. Koska kuitenkin my\u00f6s happamuus on melko korkea, ei korkeaa sokeripitoisuutta v\u00e4ltt\u00e4m\u00e4tt\u00e4 huomaa. Sato on 6-13 litraa \/ pensas. Marjan koko 28-35mm.<\/p>\n<p><strong>Vy\u00f6hyke: <\/strong>FI 1-6. SE 1-7.<br \/>\n<strong>H\u00f6jd och bredd: <\/strong>1,5-1,7 m<\/p>","protected":false},"featured_media":4808,"template":"","meta":[],"product_brand":[],"product_cat":[248],"product_tag":[],"class_list":{"0":"post-8050","1":"product","2":"type-product","3":"status-publish","4":"has-post-thumbnail","6":"product_cat-barvaxter","7":"product_shipping_class-postpaket","9":"first","10":"instock","11":"taxable","12":"shipping-taxable","13":"purchasable","14":"product-type-simple"},"_links":{"self":[{"href":"https:\/\/www3.blomqvistplantskola.com\/fi\/wp-json\/wp\/v2\/product\/8050","targetHints":{"allow":["GET"]}}],"collection":[{"href":"https:\/\/www3.blomqvistplantskola.com\/fi\/wp-json\/wp\/v2\/product"}],"about":[{"href":"https:\/\/www3.blomqvistplantskola.com\/fi\/wp-json\/wp\/v2\/types\/product"}],"wp:featuredmedia":[{"embeddable":true,"href":"https:\/\/www3.blomqvistplantskola.com\/fi\/wp-json\/wp\/v2\/media\/4808"}],"wp:attachment":[{"href":"https:\/\/www3.blomqvistplantskola.com\/fi\/wp-json\/wp\/v2\/media?parent=8050"}],"wp:term":[{"taxonomy":"product_brand","embeddable":true,"href":"https:\/\/www3.blomqvistplantskola.com\/fi\/wp-json\/wp\/v2\/product_brand?post=8050"},{"taxonomy":"product_cat","embeddable":true,"href":"https:\/\/www3.blomqvistplantskola.com\/fi\/wp-json\/wp\/v2\/product_cat?post=8050"},{"taxonomy":"product_tag","embeddable":true,"href":"https:\/\/www3.blomqvistplantskola.com\/fi\/wp-json\/wp\/v2\/product_tag?post=8050"}],"curies":[{"name":"wp","href":"https:\/\/api.w.org\/{rel}","templated":true}]}}