{"id":8053,"date":"2026-03-13T14:10:58","date_gmt":"2026-03-13T12:10:58","guid":{"rendered":"https:\/\/www3.blomqvistplantskola.com\/?post_type=product&#038;p=8053"},"modified":"2026-04-16T21:07:36","modified_gmt":"2026-04-16T19:07:36","slug":"havtorn-hon-plantahippophae-rhamnoides-eva","status":"publish","type":"product","link":"https:\/\/www3.blomqvistplantskola.com\/fi\/product\/havtorn-hon-plantahippophae-rhamnoides-eva\/","title":{"rendered":"<b>Tyrni, emotaimi<\/b><br>Hippophae rhamnoides `Eva\u00b4"},"content":{"rendered":"<p>V\u00e4lf\u00f6renad planta i 2 liters kruka.<strong><br \/>\n<\/strong><\/p>\n<p><strong>\u00a0<\/strong><\/p>","protected":false},"excerpt":{"rendered":"<p><span style=\"font-family: Arial, serif;\"><span style=\"font-size: medium;\">Odotettu risteytys, joka on kehitetty pohjoisiin oloihimme. Risteytyksess\u00e4 villi lajike Torniosta\/ Haaparannasta sek\u00e4 ven\u00e4l\u00e4inen suurimarjainen lajike. Emotaimi, jolla vakaa, yl\u00f6sp\u00e4insuuntautuva kasvutapa. L\u00e4hes piikit\u00f6n.\nMarjat ovat suurempia (30-40%) ja niill\u00e4 on korkeampi sokeripitoisuus (35%) kuin kaikilla muilla tuntemilamme lajikkeilla. Sadon saamiseksi tulee istuttaa yhdess\u00e4 p\u00f6lytt\u00e4j\u00e4lajikkeen kanssa aurinkoiselle paikalle, jossa ei ole kilpailua muiden kasvien kanssa. Istuta kotipuutarhassa 1-4 emotainta \/ p\u00f6lytt\u00e4j\u00e4.<\/span><\/span><\/p>\n<p>FI zon 1-6\/7. SE zon 1-7<\/p>\n<p><span style=\"font-family: Arial, serif;\"><span style=\"font-size: medium;\">\u00a0<\/span><\/span><\/p>","protected":false},"featured_media":4858,"template":"","meta":[],"product_brand":[],"product_cat":[248],"product_tag":[],"class_list":{"0":"post-8053","1":"product","2":"type-product","3":"status-publish","4":"has-post-thumbnail","6":"product_cat-barvaxter","7":"product_shipping_class-postpaket","9":"first","10":"instock","11":"taxable","12":"shipping-taxable","13":"purchasable","14":"product-type-simple"},"_links":{"self":[{"href":"https:\/\/www3.blomqvistplantskola.com\/fi\/wp-json\/wp\/v2\/product\/8053","targetHints":{"allow":["GET"]}}],"collection":[{"href":"https:\/\/www3.blomqvistplantskola.com\/fi\/wp-json\/wp\/v2\/product"}],"about":[{"href":"https:\/\/www3.blomqvistplantskola.com\/fi\/wp-json\/wp\/v2\/types\/product"}],"wp:featuredmedia":[{"embeddable":true,"href":"https:\/\/www3.blomqvistplantskola.com\/fi\/wp-json\/wp\/v2\/media\/4858"}],"wp:attachment":[{"href":"https:\/\/www3.blomqvistplantskola.com\/fi\/wp-json\/wp\/v2\/media?parent=8053"}],"wp:term":[{"taxonomy":"product_brand","embeddable":true,"href":"https:\/\/www3.blomqvistplantskola.com\/fi\/wp-json\/wp\/v2\/product_brand?post=8053"},{"taxonomy":"product_cat","embeddable":true,"href":"https:\/\/www3.blomqvistplantskola.com\/fi\/wp-json\/wp\/v2\/product_cat?post=8053"},{"taxonomy":"product_tag","embeddable":true,"href":"https:\/\/www3.blomqvistplantskola.com\/fi\/wp-json\/wp\/v2\/product_tag?post=8053"}],"curies":[{"name":"wp","href":"https:\/\/api.w.org\/{rel}","templated":true}]}}