{"id":8054,"date":"2026-03-13T14:10:57","date_gmt":"2026-03-13T12:10:57","guid":{"rendered":"https:\/\/www3.blomqvistplantskola.com\/?post_type=product&#038;p=8054"},"modified":"2026-04-14T10:42:59","modified_gmt":"2026-04-14T08:42:59","slug":"havtorn-han-plantahippophae-rhamnoides-otto","status":"publish","type":"product","link":"https:\/\/www3.blomqvistplantskola.com\/fi\/product\/havtorn-han-plantahippophae-rhamnoides-otto\/","title":{"rendered":"<b>Tyrni, p\u00f6lytt\u00e4j\u00e4<\/b><br>Hippophae rhamnoides `Otto\u00b4"},"content":{"rendered":"<p>V\u00e4lf\u00f6renad planta i 2 liters kruka.<strong><br \/>\n<\/strong><\/p>\n<p><strong>\u00a0<\/strong><\/p>","protected":false},"excerpt":{"rendered":"<p><span style=\"font-family: Arial, serif;\"><span style=\"font-size: medium;\">P\u00f6lytt\u00e4j\u00e4\/hedetaimi (ei anna satoa). Odotettu risteytys, joka on kehitetty pohjoisiin oloihimme. Istutetaan yhdess\u00e4 emotaimen, esim. Evan, kanssa aurinkoiselle paikalle, jossa ei ole kilpailua muiden kasvien kanssa. Tuulip\u00f6lyteinen. Istuta kotipuutarhassa 1-4 emotainta \/ p\u00f6lytt\u00e4j\u00e4.<br \/>\n<\/span><\/span><\/p>\n<p>FI zon 1-6\/7. SE zon 1-7<\/p>\n<p><span style=\"font-family: Arial, serif;\"><span style=\"font-size: medium;\">\u00a0<\/span><\/span><\/p>","protected":false},"featured_media":10842,"template":"","meta":[],"product_brand":[],"product_cat":[248],"product_tag":[],"class_list":{"0":"post-8054","1":"product","2":"type-product","3":"status-publish","4":"has-post-thumbnail","6":"product_cat-barvaxter","7":"product_shipping_class-postpaket","9":"first","10":"instock","11":"taxable","12":"shipping-taxable","13":"purchasable","14":"product-type-simple"},"_links":{"self":[{"href":"https:\/\/www3.blomqvistplantskola.com\/fi\/wp-json\/wp\/v2\/product\/8054","targetHints":{"allow":["GET"]}}],"collection":[{"href":"https:\/\/www3.blomqvistplantskola.com\/fi\/wp-json\/wp\/v2\/product"}],"about":[{"href":"https:\/\/www3.blomqvistplantskola.com\/fi\/wp-json\/wp\/v2\/types\/product"}],"wp:featuredmedia":[{"embeddable":true,"href":"https:\/\/www3.blomqvistplantskola.com\/fi\/wp-json\/wp\/v2\/media\/10842"}],"wp:attachment":[{"href":"https:\/\/www3.blomqvistplantskola.com\/fi\/wp-json\/wp\/v2\/media?parent=8054"}],"wp:term":[{"taxonomy":"product_brand","embeddable":true,"href":"https:\/\/www3.blomqvistplantskola.com\/fi\/wp-json\/wp\/v2\/product_brand?post=8054"},{"taxonomy":"product_cat","embeddable":true,"href":"https:\/\/www3.blomqvistplantskola.com\/fi\/wp-json\/wp\/v2\/product_cat?post=8054"},{"taxonomy":"product_tag","embeddable":true,"href":"https:\/\/www3.blomqvistplantskola.com\/fi\/wp-json\/wp\/v2\/product_tag?post=8054"}],"curies":[{"name":"wp","href":"https:\/\/api.w.org\/{rel}","templated":true}]}}