{"id":8057,"date":"2026-03-13T14:10:57","date_gmt":"2026-03-13T12:10:57","guid":{"rendered":"https:\/\/www3.blomqvistplantskola.com\/?post_type=product&#038;p=8057"},"modified":"2026-04-14T21:20:11","modified_gmt":"2026-04-14T19:20:11","slug":"svarta-vinbar-ribes-nigrum-hildur","status":"publish","type":"product","link":"https:\/\/www3.blomqvistplantskola.com\/fi\/product\/svarta-vinbar-ribes-nigrum-hildur\/","title":{"rendered":"<b>Mustaherukka <\/b><br>Ribes nigrum `Hildur\u00b4"},"content":{"rendered":"<p>Taimi 2 litran ruukussa.<\/p>","protected":false},"excerpt":{"rendered":"<p>Suurimarjainen, runsasatoinen lajike, joka muistuttaa tunnettua \u00d6jebyn -lajiketta, mutta on sit\u00e4 pystykasvuisempi. Lajikkeella on maukkaat makeat marjat, ja se on vastutstuskykyinen \u00e4k\u00e4m\u00e4punkkia ja harmaahometta vastaan.<\/p>\n<p><strong>Vy\u00f6hyke: <\/strong>FI 1-4(5). SE 1-5\/6.<br \/>\n<strong>Korkeus: <\/strong>1,5 m<\/p>","protected":false},"featured_media":0,"template":"","meta":[],"product_brand":[],"product_cat":[248],"product_tag":[],"class_list":{"0":"post-8057","1":"product","2":"type-product","3":"status-publish","5":"product_cat-barvaxter","6":"product_shipping_class-postpaket","8":"first","9":"outofstock","10":"taxable","11":"shipping-taxable","12":"purchasable","13":"product-type-simple"},"_links":{"self":[{"href":"https:\/\/www3.blomqvistplantskola.com\/fi\/wp-json\/wp\/v2\/product\/8057","targetHints":{"allow":["GET"]}}],"collection":[{"href":"https:\/\/www3.blomqvistplantskola.com\/fi\/wp-json\/wp\/v2\/product"}],"about":[{"href":"https:\/\/www3.blomqvistplantskola.com\/fi\/wp-json\/wp\/v2\/types\/product"}],"wp:attachment":[{"href":"https:\/\/www3.blomqvistplantskola.com\/fi\/wp-json\/wp\/v2\/media?parent=8057"}],"wp:term":[{"taxonomy":"product_brand","embeddable":true,"href":"https:\/\/www3.blomqvistplantskola.com\/fi\/wp-json\/wp\/v2\/product_brand?post=8057"},{"taxonomy":"product_cat","embeddable":true,"href":"https:\/\/www3.blomqvistplantskola.com\/fi\/wp-json\/wp\/v2\/product_cat?post=8057"},{"taxonomy":"product_tag","embeddable":true,"href":"https:\/\/www3.blomqvistplantskola.com\/fi\/wp-json\/wp\/v2\/product_tag?post=8057"}],"curies":[{"name":"wp","href":"https:\/\/api.w.org\/{rel}","templated":true}]}}