{"id":8065,"date":"2026-03-13T14:15:01","date_gmt":"2026-03-13T12:15:01","guid":{"rendered":"https:\/\/www3.blomqvistplantskola.com\/?post_type=product&#038;p=8065"},"modified":"2026-04-30T10:18:45","modified_gmt":"2026-04-30T08:18:45","slug":"segerlokallium-victorialis","status":"publish","type":"product","link":"https:\/\/www3.blomqvistplantskola.com\/fi\/product\/segerlokallium-victorialis\/","title":{"rendered":"<b>Voitonlaukka<\/b><br>Allium victorialis"},"content":{"rendered":"<p>Taimi 9cm:n ruukussa<\/p>","protected":false},"excerpt":{"rendered":"<p>Voitonlaukka on monivuotinen yrtti \/ perenna. Taimessa on yksi tai useampi sipuli. Lehtiruoti on 30-70 cm pitk\u00e4 ja lehti 3-6 cm leve\u00e4.Kukat kaartuvat hieman alas ennen aukeamistaan. Kukka on py\u00f6re\u00e4 ja vihert\u00e4v\u00e4n valkoinen. Voitonlaukkaa k\u00e4ytet\u00e4\u00e4n nyky\u00e4\u00e4n l\u00e4hinn\u00e4 koristekasvina. Aiemmin sit\u00e4 on k\u00e4ytetty my\u00f6s hy\u00f6tykasvina. Koko kasvi on sy\u00f6t\u00e4v\u00e4, mutta lehti on keitti\u00f6ss\u00e4 k\u00e4ytt\u00f6kelpoisin. Lehdess\u00e4 on vahva, mutta miellytt\u00e4v\u00e4 sipulin maku, ja sit\u00e4 voi k\u00e4ytt\u00e4\u00e4 esim. salaatteihin, pestoon, keittoihin tai hapattaa. Pohjoisempana sit\u00e4 voidaan k\u00e4ytt\u00e4\u00e4 karhunlaukan tilalta ruoanlaitossa ( ei ole yht\u00e4 voimakasta valkosipulin makua. Todellinen harvinaisuus!<span style=\"font-family: arial, helvetica, sans-serif;\"><br \/>\n<\/span><\/p>\n<p><strong>Vy\u00f6hyke: <\/strong>FI 1-6. SE 1-7.<br \/>\n<strong>Korkeus: <\/strong>0,4 &#8211; 0,6 m<\/p>\n<p>&nbsp;<\/p>\n<p><span style=\"font-family: Arial, serif;\"><span style=\"font-size: medium;\">\u00a0<\/span><\/span><\/p>","protected":false},"featured_media":0,"template":"","meta":[],"product_brand":[],"product_cat":[249],"product_tag":[],"class_list":{"0":"post-8065","1":"product","2":"type-product","3":"status-publish","5":"product_cat-koksvaxter","6":"product_shipping_class-postpaket","8":"first","9":"instock","10":"taxable","11":"shipping-taxable","12":"purchasable","13":"product-type-simple"},"_links":{"self":[{"href":"https:\/\/www3.blomqvistplantskola.com\/fi\/wp-json\/wp\/v2\/product\/8065","targetHints":{"allow":["GET"]}}],"collection":[{"href":"https:\/\/www3.blomqvistplantskola.com\/fi\/wp-json\/wp\/v2\/product"}],"about":[{"href":"https:\/\/www3.blomqvistplantskola.com\/fi\/wp-json\/wp\/v2\/types\/product"}],"wp:attachment":[{"href":"https:\/\/www3.blomqvistplantskola.com\/fi\/wp-json\/wp\/v2\/media?parent=8065"}],"wp:term":[{"taxonomy":"product_brand","embeddable":true,"href":"https:\/\/www3.blomqvistplantskola.com\/fi\/wp-json\/wp\/v2\/product_brand?post=8065"},{"taxonomy":"product_cat","embeddable":true,"href":"https:\/\/www3.blomqvistplantskola.com\/fi\/wp-json\/wp\/v2\/product_cat?post=8065"},{"taxonomy":"product_tag","embeddable":true,"href":"https:\/\/www3.blomqvistplantskola.com\/fi\/wp-json\/wp\/v2\/product_tag?post=8065"}],"curies":[{"name":"wp","href":"https:\/\/api.w.org\/{rel}","templated":true}]}}