{"id":8081,"date":"2026-03-13T14:09:18","date_gmt":"2026-03-13T12:09:18","guid":{"rendered":"https:\/\/www3.blomqvistplantskola.com\/?post_type=product&#038;p=8081"},"modified":"2026-04-15T23:05:48","modified_gmt":"2026-04-15T21:05:48","slug":"minikiwiactinidia-kolomikta-vitakola","status":"publish","type":"product","link":"https:\/\/www3.blomqvistplantskola.com\/fi\/product\/minikiwiactinidia-kolomikta-vitakola\/","title":{"rendered":"<b>Minikiivi<\/b><br>Actinidia kolomikta `Vitakola\u00b4"},"content":{"rendered":"<p>Taimi 2 litran ruukussa.<\/p>","protected":false},"excerpt":{"rendered":"<p><span style=\"font-family: Arial, serif;\"><span style=\"font-size: medium;\">\"Tytt\u00f6taimi\", emotaimi Vitakola on uudempi, suurihedelm\u00e4inenminikiivilajike, hedelm\u00e4t 4-4,5cm pitki\u00e4. Kiipeilev\u00e4 kasvutapa. Kotoisin Tsekist\u00e4. Sadon saamiseksi, istutetaan yhdess\u00e4 p\u00f6lytt\u00e4j\u00e4taimi Adamin kanssa, my\u00f6s tavallinen kameleonttipensas\/kiinanlaikkuk\u00f6ynn\u00f6s voi toimia p\u00f6lytt\u00e4j\u00e4n\u00e4. Tuottaa suuria m\u00e4\u00e4ri\u00e4 hyv\u00e4nmakuisia, kiivi\u00e4 muistuttavia, pieni\u00e4 hedelmi\u00e4 loppukes\u00e4n aikana. Kukkii sitrukselta tuoksuvin kukin kes\u00e4kuussa. Antaa ensimm\u00e4isen sadon noin 3-vuotiaana. Kaunis, nopeakasvuinen lajike kotipuutarhaan, hy\u00f6ty- ja koristek\u00e4ytt\u00f6\u00f6n.<\/span><\/span><\/p>\n<p><strong>Vy\u00f6hyke: <\/strong>FI 1-3\/4. SE 1-5.<br \/>\n<strong>Korkeus: <\/strong>2,5-5 m<\/p>","protected":false},"featured_media":8277,"template":"","meta":[],"product_brand":[],"product_cat":[248],"product_tag":[],"class_list":{"0":"post-8081","1":"product","2":"type-product","3":"status-publish","4":"has-post-thumbnail","6":"product_cat-barvaxter","7":"product_shipping_class-postpaket","9":"first","10":"instock","11":"taxable","12":"shipping-taxable","13":"purchasable","14":"product-type-simple"},"_links":{"self":[{"href":"https:\/\/www3.blomqvistplantskola.com\/fi\/wp-json\/wp\/v2\/product\/8081","targetHints":{"allow":["GET"]}}],"collection":[{"href":"https:\/\/www3.blomqvistplantskola.com\/fi\/wp-json\/wp\/v2\/product"}],"about":[{"href":"https:\/\/www3.blomqvistplantskola.com\/fi\/wp-json\/wp\/v2\/types\/product"}],"wp:featuredmedia":[{"embeddable":true,"href":"https:\/\/www3.blomqvistplantskola.com\/fi\/wp-json\/wp\/v2\/media\/8277"}],"wp:attachment":[{"href":"https:\/\/www3.blomqvistplantskola.com\/fi\/wp-json\/wp\/v2\/media?parent=8081"}],"wp:term":[{"taxonomy":"product_brand","embeddable":true,"href":"https:\/\/www3.blomqvistplantskola.com\/fi\/wp-json\/wp\/v2\/product_brand?post=8081"},{"taxonomy":"product_cat","embeddable":true,"href":"https:\/\/www3.blomqvistplantskola.com\/fi\/wp-json\/wp\/v2\/product_cat?post=8081"},{"taxonomy":"product_tag","embeddable":true,"href":"https:\/\/www3.blomqvistplantskola.com\/fi\/wp-json\/wp\/v2\/product_tag?post=8081"}],"curies":[{"name":"wp","href":"https:\/\/api.w.org\/{rel}","templated":true}]}}