{"id":8087,"date":"2026-03-13T13:46:11","date_gmt":"2026-03-13T11:46:11","guid":{"rendered":"https:\/\/www3.blomqvistplantskola.com\/?post_type=product&#038;p=8087"},"modified":"2026-04-26T18:40:20","modified_gmt":"2026-04-26T16:40:20","slug":"perapohjola-spomalus-domestica","status":"publish","type":"product","link":"https:\/\/www3.blomqvistplantskola.com\/fi\/product\/perapohjola-spomalus-domestica\/","title":{"rendered":"<b>Per\u00e4pohjola <\/b>(piiskataimi)<br>Malus domestica"},"content":{"rendered":"<p>Hedelm\u00e4puun piiska-\/ kevytttaimi 4 litran taimipussissa. Piiskataimet on leikattu noin 70-80 cm korkuisiksi.<br \/>\nMukana toimitetaan lyhyet viljelyohjeet, ja jo ensi syksyn\u00e4 sinulla on pieni hedelm\u00e4puu.<\/p>","protected":false},"excerpt":{"rendered":"<p><strong>PIISKATAIMI<\/strong><br \/>\n<b><\/b><\/p>\n<p>Valkokukkainen koristeomenapuu. Kaunis, eritt\u00e4in talvenkest\u00e4v\u00e4 lajike, joka on kotoisin Torniosta, Lapista. Puu istutettiin vuonna 1917 Suomen itsen\u00e4isyyden kunniaksi. Kasvutapa on ep\u00e4tavanomaisen s\u00e4\u00e4nn\u00f6llinen ja kaunis. Hedelm\u00e4t ovat l\u00e4hinn\u00e4 koristeelliset, mutta niit\u00e4 voi k\u00e4ytt\u00e4\u00e4 mehuihin ja soseisiin, kun toivotaan runsasta hapokkuutta. Kukkii runsaasti jo nuorena. Muodostaa pieni\u00e4, kauniita, terveit\u00e4 omenoita vuosittain, omenat pysyv\u00e4t puussa viel\u00e4 lehtien tiputtuakin. Tuuleentuu aikaisin syksyll\u00e4. Suosittelemme!<\/p>\n<p><strong>Vy\u00f6hyke: <\/strong>FI 1-6.\u00a0 SE 1-7.<br \/>\n<strong>Tyyppi: <\/strong>Koristeomena \/ Marjaomena<\/p>","protected":false},"featured_media":6407,"template":"","meta":[],"product_brand":[],"product_cat":[240,254],"product_tag":[],"class_list":{"0":"post-8087","1":"product","2":"type-product","3":"status-publish","4":"has-post-thumbnail","6":"product_cat-appeltrad","7":"product_cat-lovtrad","8":"product_shipping_class-postpaket","10":"first","11":"instock","12":"taxable","13":"shipping-taxable","14":"purchasable","15":"product-type-simple"},"_links":{"self":[{"href":"https:\/\/www3.blomqvistplantskola.com\/fi\/wp-json\/wp\/v2\/product\/8087","targetHints":{"allow":["GET"]}}],"collection":[{"href":"https:\/\/www3.blomqvistplantskola.com\/fi\/wp-json\/wp\/v2\/product"}],"about":[{"href":"https:\/\/www3.blomqvistplantskola.com\/fi\/wp-json\/wp\/v2\/types\/product"}],"wp:featuredmedia":[{"embeddable":true,"href":"https:\/\/www3.blomqvistplantskola.com\/fi\/wp-json\/wp\/v2\/media\/6407"}],"wp:attachment":[{"href":"https:\/\/www3.blomqvistplantskola.com\/fi\/wp-json\/wp\/v2\/media?parent=8087"}],"wp:term":[{"taxonomy":"product_brand","embeddable":true,"href":"https:\/\/www3.blomqvistplantskola.com\/fi\/wp-json\/wp\/v2\/product_brand?post=8087"},{"taxonomy":"product_cat","embeddable":true,"href":"https:\/\/www3.blomqvistplantskola.com\/fi\/wp-json\/wp\/v2\/product_cat?post=8087"},{"taxonomy":"product_tag","embeddable":true,"href":"https:\/\/www3.blomqvistplantskola.com\/fi\/wp-json\/wp\/v2\/product_tag?post=8087"}],"curies":[{"name":"wp","href":"https:\/\/api.w.org\/{rel}","templated":true}]}}