{"id":8089,"date":"2026-03-13T14:19:12","date_gmt":"2026-03-13T12:19:12","guid":{"rendered":"https:\/\/www3.blomqvistplantskola.com\/?post_type=product&#038;p=8089"},"modified":"2026-04-18T11:38:26","modified_gmt":"2026-04-18T09:38:26","slug":"karamelnajaspopyrus-communis","status":"publish","type":"product","link":"https:\/\/www3.blomqvistplantskola.com\/fi\/product\/karamelnajaspopyrus-communis\/","title":{"rendered":"<b>Karamelnaja<\/b>(piiskataimi)<br>Pyrus communis"},"content":{"rendered":"<p>Hedelm\u00e4puun piiska-\/ kevytttaimi 4 litran taimipussissa. Piiskataimet on leikattu noin 70-80 cm korkuisiksi.<br \/>\nMukana toimitetaan lyhyet viljelyohjeet, ja jo ensi syksyn\u00e4 sinulla on pieni hedelm\u00e4puu.<\/p>","protected":false},"excerpt":{"rendered":"<p><strong>PIISKATAIMI<\/strong><\/p>\n<p>En ny sort som f\u00f6renar Europas p\u00e4ronssorters s\u00f6tma med ussuriensis p\u00e4ronens h\u00e4rdighet, friskhet och b\u00f6rdighet. En sen h\u00f6stsort med mycket s\u00f6ta frukter som kan avnjutas i okt-nov och kan lagras svalt till jul. Frukten \u00e4r gul, saftig och v\u00e4ger 80-110 g.<\/p>\n<p><strong>Vy\u00f6hyke: <\/strong>Fin 1-3. SE 1-4.<br \/>\n<strong>Tyyppi: <\/strong>H\u00f6stp\u00e4ron<\/p>","protected":false},"featured_media":5258,"template":"","meta":[],"product_brand":[],"product_cat":[241],"product_tag":[],"class_list":{"0":"post-8089","1":"product","2":"type-product","3":"status-publish","4":"has-post-thumbnail","6":"product_cat-parontrad","7":"product_shipping_class-postpaket","9":"first","10":"instock","11":"taxable","12":"shipping-taxable","13":"purchasable","14":"product-type-simple"},"_links":{"self":[{"href":"https:\/\/www3.blomqvistplantskola.com\/fi\/wp-json\/wp\/v2\/product\/8089","targetHints":{"allow":["GET"]}}],"collection":[{"href":"https:\/\/www3.blomqvistplantskola.com\/fi\/wp-json\/wp\/v2\/product"}],"about":[{"href":"https:\/\/www3.blomqvistplantskola.com\/fi\/wp-json\/wp\/v2\/types\/product"}],"wp:featuredmedia":[{"embeddable":true,"href":"https:\/\/www3.blomqvistplantskola.com\/fi\/wp-json\/wp\/v2\/media\/5258"}],"wp:attachment":[{"href":"https:\/\/www3.blomqvistplantskola.com\/fi\/wp-json\/wp\/v2\/media?parent=8089"}],"wp:term":[{"taxonomy":"product_brand","embeddable":true,"href":"https:\/\/www3.blomqvistplantskola.com\/fi\/wp-json\/wp\/v2\/product_brand?post=8089"},{"taxonomy":"product_cat","embeddable":true,"href":"https:\/\/www3.blomqvistplantskola.com\/fi\/wp-json\/wp\/v2\/product_cat?post=8089"},{"taxonomy":"product_tag","embeddable":true,"href":"https:\/\/www3.blomqvistplantskola.com\/fi\/wp-json\/wp\/v2\/product_tag?post=8089"}],"curies":[{"name":"wp","href":"https:\/\/api.w.org\/{rel}","templated":true}]}}