{"id":8096,"date":"2026-03-13T13:46:48","date_gmt":"2026-03-13T11:46:48","guid":{"rendered":"https:\/\/www3.blomqvistplantskola.com\/?post_type=product&#038;p=8096"},"modified":"2026-04-18T00:29:36","modified_gmt":"2026-04-17T22:29:36","slug":"svarte-rudolf-spomalus-domestica","status":"publish","type":"product","link":"https:\/\/www3.blomqvistplantskola.com\/fi\/product\/svarte-rudolf-spomalus-domestica\/","title":{"rendered":"<b>Musta Rudolf <\/b>(piiskataimi)<br>Malus domestica"},"content":{"rendered":"<p>Hedelm\u00e4puun piiska-\/ kevytttaimi 4 litran taimipussissa. Piiskataimet on leikattu noin 70-80 cm korkuisiksi.<br \/>\nMukana toimitetaan lyhyet viljelyohjeet, ja jo ensi syksyn\u00e4 sinulla on pieni hedelm\u00e4puu.<\/p>","protected":false},"excerpt":{"rendered":"<p><strong>PIISKATAIMI<\/strong><br \/>\n<b><\/b><\/p>\n<p>Luultavasti yksi kauneimmista koristeomenapuista kiitos koristeellisen kasvutavan ja tummien liuskaisten lehtien, jotka s\u00e4ilytt\u00e4v\u00e4t v\u00e4rins\u00e4 yli koko sesongin. Alkukes\u00e4st\u00e4 kukkii runsain punaroosan s\u00e4vyisin kukin. Lehdiss\u00e4 kaunis syysv\u00e4ritys. Muodostaa melko niukasti eritt\u00e4in pieni\u00e4 (1-1,5 cm), ruskeanpunaisia koristehedelmi\u00e4, jotka pysyv\u00e4t puussa pitk\u00e4lle talveen.<\/p>\n<p><strong>Vy\u00f6hyke: <\/strong>FI 1-4.\u00a0 SE 1-5.<br \/>\n<strong>Tyyppi: <\/strong>Koristeomenapuut \/ marjaomenapuut<\/p>","protected":false},"featured_media":6120,"template":"","meta":[],"product_brand":[],"product_cat":[240,254],"product_tag":[],"class_list":{"0":"post-8096","1":"product","2":"type-product","3":"status-publish","4":"has-post-thumbnail","6":"product_cat-appeltrad","7":"product_cat-lovtrad","8":"product_shipping_class-postpaket","10":"first","11":"instock","12":"taxable","13":"shipping-taxable","14":"purchasable","15":"product-type-simple"},"_links":{"self":[{"href":"https:\/\/www3.blomqvistplantskola.com\/fi\/wp-json\/wp\/v2\/product\/8096","targetHints":{"allow":["GET"]}}],"collection":[{"href":"https:\/\/www3.blomqvistplantskola.com\/fi\/wp-json\/wp\/v2\/product"}],"about":[{"href":"https:\/\/www3.blomqvistplantskola.com\/fi\/wp-json\/wp\/v2\/types\/product"}],"wp:featuredmedia":[{"embeddable":true,"href":"https:\/\/www3.blomqvistplantskola.com\/fi\/wp-json\/wp\/v2\/media\/6120"}],"wp:attachment":[{"href":"https:\/\/www3.blomqvistplantskola.com\/fi\/wp-json\/wp\/v2\/media?parent=8096"}],"wp:term":[{"taxonomy":"product_brand","embeddable":true,"href":"https:\/\/www3.blomqvistplantskola.com\/fi\/wp-json\/wp\/v2\/product_brand?post=8096"},{"taxonomy":"product_cat","embeddable":true,"href":"https:\/\/www3.blomqvistplantskola.com\/fi\/wp-json\/wp\/v2\/product_cat?post=8096"},{"taxonomy":"product_tag","embeddable":true,"href":"https:\/\/www3.blomqvistplantskola.com\/fi\/wp-json\/wp\/v2\/product_tag?post=8096"}],"curies":[{"name":"wp","href":"https:\/\/api.w.org\/{rel}","templated":true}]}}