{"id":8098,"date":"2026-03-13T14:10:20","date_gmt":"2026-03-13T12:10:20","guid":{"rendered":"https:\/\/www3.blomqvistplantskola.com\/?post_type=product&#038;p=8098"},"modified":"2026-04-22T16:02:09","modified_gmt":"2026-04-22T14:02:09","slug":"lettisk-lag-buskprunus-cerasus","status":"publish","type":"product","link":"https:\/\/www3.blomqvistplantskola.com\/fi\/product\/lettisk-lag-buskprunus-cerasus\/","title":{"rendered":"<b>Latvian matala <\/b>(pensas)<br>Prunus cerasus"},"content":{"rendered":"<p>Kevyttaimi 2 litran ruukussa, 2+ oksaa, 20+ cm<\/p>","protected":false},"excerpt":{"rendered":"<p>Dobelest\u00e4, Latviasta, per\u00e4isin oleva hyvin talvenkest\u00e4v\u00e4 kirsikka. Pensaan korkeus n.3 m ja leveys 2m. Hedelm\u00e4t ovat kauniin tummanpunaisia ja huomattavasti makeampia kuin esim. Varjomorellin marjat. Kypsyy tavallista kirsikkaa 2 viikkoa aikaisemmin.On kest\u00e4nyt -39 astetta t\u00e4ysin ilman ongelmia. Todellakin viljelyksen arvoinen ja talvenkest\u00e4v\u00e4! Ollut jo pitk\u00e4\u00e4n suosikki sek\u00e4 taimiston ett\u00e4 monien viljelij\u00f6idemme keskuudessa varsinkin kylmemmill\u00e4 vy\u00f6hykkeill\u00e4. Omajuurinen pensas.<\/p>\n<p><strong>Vy\u00f6hyke: <\/strong>FI 1-5. SE 1-6.<br \/>\n<strong>Tyyppi: <\/strong>Hapankirsikka<\/p>","protected":false},"featured_media":7320,"template":"","meta":[],"product_brand":[],"product_cat":[248,243],"product_tag":[],"class_list":{"0":"post-8098","1":"product","2":"type-product","3":"status-publish","4":"has-post-thumbnail","6":"product_cat-barvaxter","7":"product_cat-korsbarstrad","8":"product_shipping_class-postpaket","10":"first","11":"outofstock","12":"taxable","13":"shipping-taxable","14":"purchasable","15":"product-type-simple"},"_links":{"self":[{"href":"https:\/\/www3.blomqvistplantskola.com\/fi\/wp-json\/wp\/v2\/product\/8098","targetHints":{"allow":["GET"]}}],"collection":[{"href":"https:\/\/www3.blomqvistplantskola.com\/fi\/wp-json\/wp\/v2\/product"}],"about":[{"href":"https:\/\/www3.blomqvistplantskola.com\/fi\/wp-json\/wp\/v2\/types\/product"}],"wp:featuredmedia":[{"embeddable":true,"href":"https:\/\/www3.blomqvistplantskola.com\/fi\/wp-json\/wp\/v2\/media\/7320"}],"wp:attachment":[{"href":"https:\/\/www3.blomqvistplantskola.com\/fi\/wp-json\/wp\/v2\/media?parent=8098"}],"wp:term":[{"taxonomy":"product_brand","embeddable":true,"href":"https:\/\/www3.blomqvistplantskola.com\/fi\/wp-json\/wp\/v2\/product_brand?post=8098"},{"taxonomy":"product_cat","embeddable":true,"href":"https:\/\/www3.blomqvistplantskola.com\/fi\/wp-json\/wp\/v2\/product_cat?post=8098"},{"taxonomy":"product_tag","embeddable":true,"href":"https:\/\/www3.blomqvistplantskola.com\/fi\/wp-json\/wp\/v2\/product_tag?post=8098"}],"curies":[{"name":"wp","href":"https:\/\/api.w.org\/{rel}","templated":true}]}}