{"id":8102,"date":"2026-03-13T14:10:20","date_gmt":"2026-03-13T12:10:20","guid":{"rendered":"https:\/\/www3.blomqvistplantskola.com\/?post_type=product&#038;p=8102"},"modified":"2026-03-30T22:26:46","modified_gmt":"2026-03-30T20:26:46","slug":"buskkorsbar-prunus-cerasus-kurtshatovskaja","status":"publish","type":"product","link":"https:\/\/www3.blomqvistplantskola.com\/fi\/product\/buskkorsbar-prunus-cerasus-kurtshatovskaja\/","title":{"rendered":"<b>Pensaskirsikka <\/b><br>Prunus cerasus `Kurtshatovskaja\u00b4"},"content":{"rendered":"<p>F\u00f6rgrenad buske i 2,5-3 liters kruka.<\/p>","protected":false},"excerpt":{"rendered":"<p>Nyhet bland v\u00e5ra l\u00e5gv\u00e4xande buskk\u00f6rsb\u00e4r. En rysk sort som \u00e4r fripollinerad av Prunus fruticosan (Europeiskt dv\u00e4rgk\u00f6rsb\u00e4r). Bildar med tiden en ca 1,5 m h\u00f6g, v\u00e4lf\u00f6rgrenad buske. K\u00f6rsb\u00e4ren \u00e4r ca 4 g, m\u00f6rkr\u00f6da, saftiga och med en fin s\u00f6tsyrlighet som mogna. Fruktk\u00f6ttet \u00e4r oranger\u00f6tt, k\u00e4rnan \u00e4r ganska liten. B\u00e4ren passar \u00e4ven bra bra till sylt och saft. Ger snabbt sin f\u00f6rsta sk\u00f6rd. En vinterh\u00e4rdig k\u00f6rsb\u00e4rssorta som \u00e4ven kan pr\u00f6vas l\u00e4ngre norrut och f\u00f6r den som beh\u00f6ver en mindre b\u00e4rbuske.. Sorten \u00e4r \u00e5tminstone delvist sj\u00e4lvfertil, men m\u00e4ngden och kvalit\u00e9n gynnas av korspollinering som f\u00f6r andra k\u00f6rsb\u00e4r. Rot\u00e4kta buske.<\/p>\n<p><strong>Vy\u00f6hyke: <\/strong>FI 1-4. SE 1-6.<br \/>\n<strong>Korkeus: <\/strong>1,5 m<\/p>","protected":false},"featured_media":8456,"template":"","meta":[],"product_brand":[],"product_cat":[248,243],"product_tag":[],"class_list":{"0":"post-8102","1":"product","2":"type-product","3":"status-publish","4":"has-post-thumbnail","6":"product_cat-barvaxter","7":"product_cat-korsbarstrad","8":"product_shipping_class-postpaket","10":"first","11":"instock","12":"taxable","13":"shipping-taxable","14":"purchasable","15":"product-type-simple"},"_links":{"self":[{"href":"https:\/\/www3.blomqvistplantskola.com\/fi\/wp-json\/wp\/v2\/product\/8102","targetHints":{"allow":["GET"]}}],"collection":[{"href":"https:\/\/www3.blomqvistplantskola.com\/fi\/wp-json\/wp\/v2\/product"}],"about":[{"href":"https:\/\/www3.blomqvistplantskola.com\/fi\/wp-json\/wp\/v2\/types\/product"}],"wp:featuredmedia":[{"embeddable":true,"href":"https:\/\/www3.blomqvistplantskola.com\/fi\/wp-json\/wp\/v2\/media\/8456"}],"wp:attachment":[{"href":"https:\/\/www3.blomqvistplantskola.com\/fi\/wp-json\/wp\/v2\/media?parent=8102"}],"wp:term":[{"taxonomy":"product_brand","embeddable":true,"href":"https:\/\/www3.blomqvistplantskola.com\/fi\/wp-json\/wp\/v2\/product_brand?post=8102"},{"taxonomy":"product_cat","embeddable":true,"href":"https:\/\/www3.blomqvistplantskola.com\/fi\/wp-json\/wp\/v2\/product_cat?post=8102"},{"taxonomy":"product_tag","embeddable":true,"href":"https:\/\/www3.blomqvistplantskola.com\/fi\/wp-json\/wp\/v2\/product_tag?post=8102"}],"curies":[{"name":"wp","href":"https:\/\/api.w.org\/{rel}","templated":true}]}}