{"id":8106,"date":"2026-03-13T14:10:15","date_gmt":"2026-03-13T12:10:15","guid":{"rendered":"https:\/\/www3.blomqvistplantskola.com\/?post_type=product&#038;p=8106"},"modified":"2026-03-29T00:04:09","modified_gmt":"2026-03-28T22:04:09","slug":"mullbar-morus-illinois-everbearing","status":"publish","type":"product","link":"https:\/\/www3.blomqvistplantskola.com\/fi\/product\/mullbar-morus-illinois-everbearing\/","title":{"rendered":"<b>Mulperi <\/b><br>Morus `Illinois Everbearing\u00b4"},"content":{"rendered":"<p>F\u00f6rgrenad planta i 1,1 &#8211; 1,4 liters kruka.<\/p>","protected":false},"excerpt":{"rendered":"<p>Mulperi, joka tuottaa sadon nuorella i\u00e4ll\u00e4 ja on itsep\u00f6lyttyv\u00e4. Marjat kypsyv\u00e4t melko pitk\u00e4n ajan kuluessa loppukes\u00e4st\u00e4. Marjat ovat hiukan karhunvadelmaa muistuttavia, mustia, makeita ja niiss\u00e4 on hieno aromi. Kasvutapa ensin pensasmainen, mutta muuttuu ajan saatossa enemm\u00e4n puumaiseksi. Siet\u00e4\u00e4 voimakasta leikkuuta, voidaan kasvattaa s\u00e4leik\u00f6ss\u00e4. Vaatii l\u00e4mpim\u00e4n, aurinkoisen ja suojaisen paikan sek\u00e4 l\u00e4p\u00e4isev\u00e4n maan viihty\u00e4kseen.<\/p>\n<p><strong>Vy\u00f6hyke: <\/strong>FI 1-2. SE 1-3.<br \/>\n<strong>Korkeus: <\/strong>3-6 m<\/p>","protected":false},"featured_media":0,"template":"","meta":[],"product_brand":[],"product_cat":[248],"product_tag":[],"class_list":{"0":"post-8106","1":"product","2":"type-product","3":"status-publish","5":"product_cat-barvaxter","6":"product_shipping_class-postpaket","8":"first","9":"instock","10":"taxable","11":"shipping-taxable","12":"purchasable","13":"product-type-simple"},"_links":{"self":[{"href":"https:\/\/www3.blomqvistplantskola.com\/fi\/wp-json\/wp\/v2\/product\/8106","targetHints":{"allow":["GET"]}}],"collection":[{"href":"https:\/\/www3.blomqvistplantskola.com\/fi\/wp-json\/wp\/v2\/product"}],"about":[{"href":"https:\/\/www3.blomqvistplantskola.com\/fi\/wp-json\/wp\/v2\/types\/product"}],"wp:attachment":[{"href":"https:\/\/www3.blomqvistplantskola.com\/fi\/wp-json\/wp\/v2\/media?parent=8106"}],"wp:term":[{"taxonomy":"product_brand","embeddable":true,"href":"https:\/\/www3.blomqvistplantskola.com\/fi\/wp-json\/wp\/v2\/product_brand?post=8106"},{"taxonomy":"product_cat","embeddable":true,"href":"https:\/\/www3.blomqvistplantskola.com\/fi\/wp-json\/wp\/v2\/product_cat?post=8106"},{"taxonomy":"product_tag","embeddable":true,"href":"https:\/\/www3.blomqvistplantskola.com\/fi\/wp-json\/wp\/v2\/product_tag?post=8106"}],"curies":[{"name":"wp","href":"https:\/\/api.w.org\/{rel}","templated":true}]}}