{"id":8107,"date":"2026-03-13T14:10:15","date_gmt":"2026-03-13T12:10:15","guid":{"rendered":"https:\/\/www3.blomqvistplantskola.com\/?post_type=product&#038;p=8107"},"modified":"2026-04-04T14:11:07","modified_gmt":"2026-04-04T12:11:07","slug":"dvargbjornbar-taggfri-rubus-fruticosus-dima-tiny-black","status":"publish","type":"product","link":"https:\/\/www3.blomqvistplantskola.com\/fi\/product\/dvargbjornbar-taggfri-rubus-fruticosus-dima-tiny-black\/","title":{"rendered":"<b>K\u00e4\u00e4pi\u00f6karhunvadelma, piikit\u00f6n <\/b><br>Rubus fruticosus `Dima\u00b4 (`Tiny Black\u00b4)"},"content":{"rendered":"<p>Planta i 2 liters kruka, 2 gren.<\/p>","protected":false},"excerpt":{"rendered":"<p>L\u00e5gv\u00e4xande och taggfritt bj\u00f6rnb\u00e4r som passar utm\u00e4rkt f\u00f6r krukodling p\u00e5 terrass, balkong osv.\u00a0 i l\u00e4gre zon \u00e4ven p\u00e5 friland. Blommar rikligt med vit\/svagt ljusrosa blom. B\u00e4ren \u00e4r aromrika, fruktiga och l\u00e4ckert s\u00f6tsyrliga. Bladen f\u00e5r en vacker r\u00f6dbrun h\u00f6stf\u00e4rg. Plantan bildar en vacker kompakt buske som blir ungef\u00e4r lika bred som h\u00f6g. Sj\u00e4lvfertil. Har l\u00e5ng sk\u00f6rdeperiod d\u00e5 den ger sk\u00f6rd b\u00e5de p\u00e5 \u00e5rets och fjol\u00e5rsskott.<\/p>\n<p><strong>Vy\u00f6hyke: <\/strong>FI ?. SE 1-?.<br \/>\n<strong>Korkeus:<\/strong> 50-70 cm<\/p>","protected":false},"featured_media":0,"template":"","meta":[],"product_brand":[],"product_cat":[248],"product_tag":[],"class_list":{"0":"post-8107","1":"product","2":"type-product","3":"status-publish","5":"product_cat-barvaxter","6":"product_shipping_class-postpaket","8":"first","9":"outofstock","10":"taxable","11":"shipping-taxable","12":"purchasable","13":"product-type-simple"},"_links":{"self":[{"href":"https:\/\/www3.blomqvistplantskola.com\/fi\/wp-json\/wp\/v2\/product\/8107","targetHints":{"allow":["GET"]}}],"collection":[{"href":"https:\/\/www3.blomqvistplantskola.com\/fi\/wp-json\/wp\/v2\/product"}],"about":[{"href":"https:\/\/www3.blomqvistplantskola.com\/fi\/wp-json\/wp\/v2\/types\/product"}],"wp:attachment":[{"href":"https:\/\/www3.blomqvistplantskola.com\/fi\/wp-json\/wp\/v2\/media?parent=8107"}],"wp:term":[{"taxonomy":"product_brand","embeddable":true,"href":"https:\/\/www3.blomqvistplantskola.com\/fi\/wp-json\/wp\/v2\/product_brand?post=8107"},{"taxonomy":"product_cat","embeddable":true,"href":"https:\/\/www3.blomqvistplantskola.com\/fi\/wp-json\/wp\/v2\/product_cat?post=8107"},{"taxonomy":"product_tag","embeddable":true,"href":"https:\/\/www3.blomqvistplantskola.com\/fi\/wp-json\/wp\/v2\/product_tag?post=8107"}],"curies":[{"name":"wp","href":"https:\/\/api.w.org\/{rel}","templated":true}]}}