{"id":8111,"date":"2026-03-13T14:10:16","date_gmt":"2026-03-13T12:10:16","guid":{"rendered":"https:\/\/www3.blomqvistplantskola.com\/?post_type=product&#038;p=8111"},"modified":"2026-04-06T21:15:00","modified_gmt":"2026-04-06T19:15:00","slug":"balkonghallon-rubus-idaeus-ruby-beauty","status":"publish","type":"product","link":"https:\/\/www3.blomqvistplantskola.com\/fi\/product\/balkonghallon-rubus-idaeus-ruby-beauty\/","title":{"rendered":"<b>Parvekevadelma, k\u00e4\u00e4pi\u00f6vadelma <\/b><br>Rubus idaeus `Ruby Beauty\u00b4"},"content":{"rendered":"<p>Kevyttaimi 9 cm:n ruukussa.<\/p>","protected":false},"excerpt":{"rendered":"<p>Matalakasvuinen, eritt\u00e4in kompakti lajike, joka sopii hyvin viljelt\u00e4v\u00e4ksi ruukussa tai er\u00e4\u00e4nlaisena matalana aidanteena hy\u00f6typuutarhassa. Suuret, punaiset, maukkaat marjat kypsyv\u00e4t aikaisin. Antaa sadon 2-vuotialla versoilla, kuten tavallinen vadelma. L\u00e4hes piikit\u00f6n. Voi tuottaa satoa 1,5kg \/ taimi. Soveltuu siis mainiosti my\u00f6s parvekeviljelyyn. Ei tarvitse tukea. Taimiston suosikki.<\/p>\n<p><strong>Vy\u00f6hyke: <\/strong>FI 1-3. SE 1-4\/5.<br \/>\n<strong>Korkeus:<\/strong> 0,6 &#8211; 1 m<\/p>","protected":false},"featured_media":8279,"template":"","meta":[],"product_brand":[],"product_cat":[248],"product_tag":[],"class_list":{"0":"post-8111","1":"product","2":"type-product","3":"status-publish","4":"has-post-thumbnail","6":"product_cat-barvaxter","7":"product_shipping_class-postpaket","9":"first","10":"instock","11":"taxable","12":"shipping-taxable","13":"purchasable","14":"product-type-simple"},"_links":{"self":[{"href":"https:\/\/www3.blomqvistplantskola.com\/fi\/wp-json\/wp\/v2\/product\/8111","targetHints":{"allow":["GET"]}}],"collection":[{"href":"https:\/\/www3.blomqvistplantskola.com\/fi\/wp-json\/wp\/v2\/product"}],"about":[{"href":"https:\/\/www3.blomqvistplantskola.com\/fi\/wp-json\/wp\/v2\/types\/product"}],"wp:featuredmedia":[{"embeddable":true,"href":"https:\/\/www3.blomqvistplantskola.com\/fi\/wp-json\/wp\/v2\/media\/8279"}],"wp:attachment":[{"href":"https:\/\/www3.blomqvistplantskola.com\/fi\/wp-json\/wp\/v2\/media?parent=8111"}],"wp:term":[{"taxonomy":"product_brand","embeddable":true,"href":"https:\/\/www3.blomqvistplantskola.com\/fi\/wp-json\/wp\/v2\/product_brand?post=8111"},{"taxonomy":"product_cat","embeddable":true,"href":"https:\/\/www3.blomqvistplantskola.com\/fi\/wp-json\/wp\/v2\/product_cat?post=8111"},{"taxonomy":"product_tag","embeddable":true,"href":"https:\/\/www3.blomqvistplantskola.com\/fi\/wp-json\/wp\/v2\/product_tag?post=8111"}],"curies":[{"name":"wp","href":"https:\/\/api.w.org\/{rel}","templated":true}]}}